{"id":3,"date":"2023-10-28T15:22:05","date_gmt":"2023-10-28T13:22:05","guid":{"rendered":"https:\/\/agenturaxact.cz\/?page_id=3"},"modified":"2024-02-18T19:25:59","modified_gmt":"2024-02-18T18:25:59","slug":"vop","status":"publish","type":"page","link":"https:\/\/agenturaxact.cz\/en\/vop\/","title":{"rendered":"VOP"},"content":{"rendered":"<h1 class=\"wp-block-heading\">V\u0161eobecn\u00e9 obchodn\u00ed podm\u00ednky<\/h1>\n\n\n\n<p>Agentura Xact s.r.o.<\/p>\n\n\n\n<p>v souladu s \u00a7 1751 a n\u00e1sl. z\u00e1kona \u010d. 89\/2012 Sb., ob\u010dansk\u00e9ho z\u00e1kon\u00edku, ve zn\u011bn\u00ed pozd\u011bj\u0161\u00edch p\u0159edpis\u016f (d\u00e1le jako \u201e<strong>ob\u010dansk\u00fd z\u00e1kon\u00edk<\/strong>\u201c)<\/p>\n\n\n\n<p>vyd\u00e1v\u00e1<\/p>\n\n\n\n<p><strong>v\u0161eobecn\u00e9 obchodn\u00ed podm\u00ednky<\/strong><\/p>\n\n\n\n<p>(d\u00e1le jako \u201e<strong>VOP<\/strong>\u201c)<\/p>\n\n\n\n<h2 class=\"wp-block-heading\"><strong>1. P\u0158EDM\u011aT A \u00da\u010cEL VOP<\/strong><\/h2>\n\n\n\n<p><strong>1.1. Kdo je Poskytovatel.<\/strong><\/p>\n\n\n\n<p>Spole\u010dnost&nbsp;A<strong>gentura Xact s.r.o.<\/strong>, I\u010cO: 27084761, DI\u010c: CZ27084761, se s\u00eddlem: Rusk\u00e1 473\/8, 101 00 Praha 10, zapsan\u00e1 v obchodn\u00edm rejst\u0159\u00edku veden\u00e9m M\u011bstsk\u00fdm soudem v Praze pod sp. zn. C 95097 (d\u00e1le jako \u201e<strong>Poskytovatel<\/strong>\u201c), je eventovou a marketingovou agenturou, kter\u00e1 nab\u00edz\u00ed a poskytuje z\u00e1kazn\u00edk\u016fm sv\u00e9 slu\u017eby a zbo\u017e\u00ed, a to krom\u011b jin\u00e9ho tak\u00e9 prost\u0159ednictv\u00edm webov\u00fdch str\u00e1nek&nbsp;<a href=\"https:\/\/agenturaxact.cz\/en\/\">www.agenturaxact.cz<\/a>&nbsp;(d\u00e1le jako \u201eWeb\u201c).<\/p>\n\n\n\n<p><strong>1.2. Co upravuj\u00ed tyto VOP.<\/strong><\/p>\n\n\n\n<p>Tyto VOP upravuj\u00ed podm\u00ednky pro dod\u00e1n\u00ed t\u011bchto slu\u017eeb a zbo\u017e\u00ed:<\/p>\n\n\n\n<ol class=\"wp-block-list\">\n<li>a) poskytov\u00e1n\u00ed slu\u017eeb podle popt\u00e1vky z\u00e1kazn\u00edka<\/li>\n\n\n\n<li>b) organizace akc\u00ed, zejm\u00e9na \u0161kolen\u00ed a workshop\u016f (d\u00e1le jako \u201eakce\u201c) a zaji\u0161t\u011bn\u00ed \u00fa\u010dasti z\u00e1kazn\u00edka na t\u011bchto akc\u00edch<\/li>\n\n\n\n<li>c) dod\u00e1vky zbo\u017e\u00ed, zejm\u00e9na reklamn\u00edch p\u0159edm\u011bt\u016f spojen\u00fdch s \u010dinnost\u00ed Poskytovatele<\/li>\n<\/ol>\n\n\n\n<p><strong>1.3. K \u010demu slou\u017e\u00ed VOP.<\/strong><\/p>\n\n\n\n<p>Tyto VOP maj\u00ed za c\u00edl zejm\u00e9na up\u0159esnit a doplnit parametry dod\u00e1vek jednotliv\u00fdch slu\u017eeb a zbo\u017e\u00ed popsan\u00fdch Poskytovatelem na Webu (p\u0159\u00edpadn\u011b dohodnut\u00fdch mezi Poskytovatelem a z\u00e1kazn\u00edkem podle&nbsp;<strong>\u010dl. 2<\/strong>) tak, aby:<\/p>\n\n\n\n<ol class=\"wp-block-list\">\n<li><strong>a) p\u0159ed uzav\u0159en\u00edm smlouvy<\/strong>mezi Poskytovatelem a z\u00e1kazn\u00edkem z\u00edskal z\u00e1kazn\u00edk ve\u0161ker\u00e9 informace:<\/li>\n<\/ol>\n\n\n\n<ul class=\"wp-block-list\">\n<li>vy\u017eadovan\u00e9 pr\u00e1vn\u00edmi p\u0159edpisy a<\/li>\n\n\n\n<li>nezbytn\u00e9 k tomu, aby z\u00e1kazn\u00edk v\u011bd\u011bl, do jak\u00e9ho smluvn\u00edho vztahu vstupuje a za jak\u00fdch podm\u00ednek,<\/li>\n<\/ul>\n\n\n\n<ol class=\"wp-block-list\">\n<li><strong>b) po uzav\u0159en\u00ed smlouvy<\/strong>mezi Poskytovatelem a z\u00e1kazn\u00edkem se VOP staly sou\u010d\u00e1st\u00ed t\u00e9to smlouvy a byly z\u00e1vazn\u00e9 jak pro Poskytovatele, tak pro z\u00e1kazn\u00edka.<\/li>\n<\/ol>\n\n\n\n<h2 class=\"wp-block-heading\"><strong>2. \u0158E\u0160EN\u00cd NA M\u00cdRU<\/strong><\/h2>\n\n\n\n<p><strong>2.1. Co nab\u00edz\u00ed Poskytovatel.<\/strong><\/p>\n\n\n\n<p>Poskytovatel d\u00e1v\u00e1 z\u00e1kazn\u00edk\u016fm mo\u017enost, aby ho kontaktovali s popt\u00e1vkou slu\u017eeb v p\u0159\u00edpad\u011b, kdy z\u00e1kazn\u00edk pot\u0159ebuje zcela specifick\u00e9 \u0159e\u0161en\u00ed p\u0159izp\u016fsoben\u00e9 jeho vlastn\u00edm podm\u00ednk\u00e1m a pot\u0159eb\u00e1m. Poskytovatel na z\u00e1klad\u011b popt\u00e1vky p\u0159iprav\u00ed z\u00e1kazn\u00edkovi nab\u00eddku \u0159e\u0161en\u00ed p\u0159\u00edmo na m\u00edru.<\/p>\n\n\n\n<p>Sou\u010d\u00e1st\u00ed nab\u00eddky jsou tak\u00e9 tyto VOP, kter\u00e9 Poskytovatel k nab\u00eddce p\u0159ilo\u017e\u00ed, nebo za\u0161le z\u00e1kazn\u00edkovi odkaz na tu \u010d\u00e1st Webu, na kter\u00e9 jsou VOP um\u00edst\u011bny.<\/p>\n\n\n\n<p><strong>2.5. Zm\u011bna nab\u00eddky Poskytovatele.<\/strong><\/p>\n\n\n\n<p>Z\u00e1kazn\u00edk m\u016f\u017ee Poskytovatele po\u017e\u00e1dat o \u00fapravu nab\u00eddky zaslan\u00e9 podle&nbsp;<strong>\u010dl. 2.4<\/strong>.<\/p>\n\n\n\n<p>Pokud Poskytovatel s \u017e\u00e1dost\u00ed z\u00e1kazn\u00edka podle p\u0159edchoz\u00ed v\u011bty souhlas\u00ed, za\u0161le mu novou nab\u00eddku. Tato nov\u00e1 nab\u00eddka bude m\u00edt stejn\u00e9 n\u00e1le\u017eitosti, jak\u00e9 jsou uvedeny v&nbsp;<strong>\u010dl. 2.4<\/strong>.<\/p>\n\n\n\n<p><strong>2.6. Kdy je uzav\u0159ena smlouva.<\/strong><\/p>\n\n\n\n<p>Smlouva mezi Poskytovatelem a z\u00e1kazn\u00edkem o dod\u00e1vce slu\u017eeb je uzav\u0159ena okam\u017eikem, kdy z\u00e1kazn\u00edk e-mailem potvrd\u00ed Poskytovateli, \u017ee souhlas\u00ed s nab\u00eddkou zaslanou podle&nbsp;<strong>\u010dl. 2.4<\/strong>&nbsp;(p\u0159\u00edpadn\u011b upravenou nab\u00eddkou podle&nbsp;<strong>\u010dl. 2.5<\/strong>).<\/p>\n\n\n\n<h3 class=\"wp-block-heading\"><strong>3. ORGANIZACE AKC\u00cd<\/strong><\/h3>\n\n\n\n<p><strong>3.1. Co nab\u00edz\u00ed Poskytovatel.<\/strong><\/p>\n\n\n\n<p>Poskytovatel organizuje v r\u00e1mci sv\u00e9ho know-how r\u016fzn\u00e9 akce (zejm\u00e9na semin\u00e1\u0159e a \u0161kolen\u00ed)<\/p>\n\n\n\n<p><strong>3.2. Objedn\u00e1vka akce.<\/strong><\/p>\n\n\n\n<p>Z\u00e1kazn\u00edk objedn\u00e1 konkr\u00e9tn\u00ed akci vypln\u011bn\u00edm a odesl\u00e1n\u00edm objedn\u00e1vkov\u00e9ho formul\u00e1\u0159e na Webu.<\/p>\n\n\n\n<p><strong>3.3. Kdy je uzav\u0159ena smlouva.<\/strong><\/p>\n\n\n\n<p>Smlouva mezi Poskytovatelem a z\u00e1kazn\u00edkem o zaji\u0161t\u011bn\u00ed \u00fa\u010dasti z\u00e1kazn\u00edka nebo j\u00edm ur\u010den\u00e9 osoby (\u010di osob) na vybran\u00e9 akci je uzav\u0159ena okam\u017eikem, kdy jsou spln\u011bny v\u0161echny n\u00e1sleduj\u00edc\u00ed podm\u00ednky:<\/p>\n\n\n\n<ol class=\"wp-block-list\">\n<li>a) z\u00e1kazn\u00edk vypln\u00ed v\u0161echny \u00fadaje po\u017eadovan\u00e9 v objedn\u00e1vkov\u00e9m formul\u00e1\u0159i, zkontroluje je a p\u0159\u00edpadn\u011b oprav\u00ed,<\/li>\n\n\n\n<li>b) z\u00e1kazn\u00edk zvol\u00ed po\u017eadovan\u00fd zp\u016fsob \u00fahrady ceny,<\/li>\n\n\n\n<li>c) z\u00e1kazn\u00edk stiskne na Webu tla\u010d\u00edtko, kter\u00e9 vyjad\u0159uje:<\/li>\n<\/ol>\n\n\n\n<ul class=\"wp-block-list\">\n<li>souhlas t\u00edm, \u017ee z\u00e1kazn\u00edk z\u00e1vazn\u011b objedn\u00e1v\u00e1 \u00fa\u010dast uveden\u00e9 osoby \u010di osob na vybran\u00e9 akci a sou\u010dasn\u011b<\/li>\n\n\n\n<li>souhlas s \u00fadaji vypln\u011bn\u00fdmi v objedn\u00e1vkov\u00e9m formul\u00e1\u0159i,<\/li>\n<\/ul>\n\n\n\n<ol class=\"wp-block-list\">\n<li>d) z\u00e1kazn\u00edk za\u0161krtne na Webu pol\u00ed\u010dko, kter\u00e9 vyjad\u0159uje jeho souhlas s VOP,<\/li>\n\n\n\n<li>e) Poskytovatel potvrd\u00ed z\u00e1kazn\u00edkovi, \u017ee jeho objedn\u00e1vku akceptuje.<\/li>\n<\/ol>\n\n\n\n<p><strong>3.4. Jak prob\u00edh\u00e1 platba.<\/strong><\/p>\n\n\n\n<p>Cena akce je splatn\u00e1 do sedmi (7) dn\u016f od uzav\u0159en\u00ed smlouvy (<strong>\u010dl. 3.3<\/strong>) nebo ke dni kon\u00e1n\u00ed akce, podle toho, co nastane d\u0159\u00edve. Poskytovatel neumo\u017en\u00ed z\u00e1kazn\u00edkovi \u00fa\u010dastnit se akce, pokud ani ke dni jej\u00edho kon\u00e1n\u00ed nezaplat\u00ed cenu t\u00e9to akce.<\/p>\n\n\n\n<p>Pokud z\u00e1kazn\u00edk neuhrad\u00ed cenu akce ani v den jej\u00edho kon\u00e1n\u00ed, je povinen Poskytovateli nejpozd\u011bji do sedmi (7) dn\u016f ode dne kon\u00e1n\u00ed akce uhradit smluvn\u00ed pokutu ve v\u00fd\u0161i 500,- K\u010d (slovy: p\u011bt set korun \u010desk\u00fdch). Pokud z\u00e1kazn\u00edk neuhrazen\u00edm ceny akce znemo\u017en\u00ed \u00fa\u010dast n\u00e1hradn\u00edka (<strong>\u010dl. 3.4<\/strong>) na t\u00e9to akci, m\u016f\u017ee po n\u011bm Poskytovatel tak\u00e9 \u017e\u00e1dat n\u00e1hradu \u0161kody (u\u0161l\u00e9ho zisku) ve v\u00fd\u0161i ceny \u0161kolen\u00ed.<\/p>\n\n\n\n<p><strong>3.7. Podm\u00ednky zru\u0161en\u00ed \u00fa\u010dasti na akci.<\/strong><\/p>\n\n\n\n<p>Podm\u00ednky zru\u0161en\u00ed \u00fa\u010dasti na akci se li\u0161\u00ed podle toho, kdy k n\u011bmu dojde.<\/p>\n\n\n\n<ol class=\"wp-block-list\">\n<li><strong>a) Pokud z\u00e1kazn\u00edk zru\u0161\u00ed \u00fa\u010dast v\u00edce ne\u017e \u010dtrn\u00e1ct (14) dn\u00ed p\u0159ed kon\u00e1n\u00edm akce:<\/strong><\/li>\n<\/ol>\n\n\n\n<p>Poskytovateli vznik\u00e1 n\u00e1rok na storno poplatek ve v\u00fd\u0161i 500,- K\u010d (slovy: p\u011bt set korun \u010desk\u00fdch).<\/p>\n\n\n\n<ol class=\"wp-block-list\">\n<li><strong>b) Pokud z\u00e1kazn\u00edk zru\u0161\u00ed \u00fa\u010dast m\u00e9n\u011b ne\u017e (14) dn\u00ed p\u0159ed kon\u00e1n\u00edm akce, ale v\u00edce ne\u017e t\u0159i (3) dny p\u0159edem:<\/strong><\/li>\n<\/ol>\n\n\n\n<p>Poskytovateli vznik\u00e1 n\u00e1rok na storno poplatek ve v\u00fd\u0161i pades\u00e1ti procent (50 %) z ceny akce.<\/p>\n\n\n\n<ol class=\"wp-block-list\">\n<li><strong>c) Pokud z\u00e1kazn\u00edk zru\u0161\u00ed \u00fa\u010dast t\u0159i (3) dny a m\u00e9n\u011b p\u0159ed kon\u00e1n\u00edm akce:<\/strong><\/li>\n<\/ol>\n\n\n\n<p>Poskytovateli vznik\u00e1 n\u00e1rok na storno poplatek ve v\u00fd\u0161i sto procent (100 %) z ceny akce.<\/p>\n\n\n\n<p><strong>Z\u00e1kazn\u00edk m\u00e1 po zru\u0161en\u00ed \u00fa\u010dasti na akci podle \u010dl. 3.7 p\u00edsm. a) a b) n\u00e1rok:<\/strong><\/p>\n\n\n\n<ul class=\"wp-block-list\">\n<li>na vr\u00e1cen\u00ed uhrazen\u00e9 ceny po ode\u010dten\u00ed storno poplatku; Poskytovatel v takov\u00e9m p\u0159\u00edpad\u011b vr\u00e1t\u00ed zb\u00fdvaj\u00edc\u00ed \u010d\u00e1st ceny akce na bankovn\u00ed \u00fa\u010det z\u00e1kazn\u00edka, a to do \u010dtrn\u00e1cti (14) dn\u016f ode dne, kdy ho o to z\u00e1kazn\u00edk po\u017e\u00e1d\u00e1, nebo<\/li>\n\n\n\n<li>pou\u017eit\u00ed uhrazen\u00e9 ceny po ode\u010dten\u00ed storno poplatku na v\u00fdb\u011br jin\u00e9 akce Poskytovatele, a to po dobu jednoho (1) roku od zru\u0161en\u00ed \u00fa\u010dasti na akci.<\/li>\n<\/ul>\n\n\n\n<p><strong>3.8. Co m\u016f\u017ee Poskytovatel zm\u011bnit.<\/strong><\/p>\n\n\n\n<p>Provozovatel si vyhrazuje pr\u00e1vo zm\u011bnit parametry akce (nap\u0159. zm\u011bnit lektora, m\u00edsto kon\u00e1n\u00ed, harmonogram atd.).<\/p>\n\n\n\n<p>Provozovatel si d\u00e1le vyhrazuje pr\u00e1vo v p\u0159\u00edpad\u011b nutnosti zm\u011bnit formu kon\u00e1n\u00ed akce na online webin\u00e1\u0159.<\/p>\n\n\n\n<p>V\u0161ichni p\u0159ihl\u00e1\u0161en\u00ed \u00fa\u010dastn\u00edci budou v p\u0159\u00edpad\u011b zm\u011bn podle tohoto&nbsp;<strong>\u010dl. 3.8<\/strong>&nbsp;bezodkladn\u011b informov\u00e1ni. V p\u0159\u00edpad\u011b, \u017ee Poskytovatel zm\u011bn\u00ed parametry akce podle prvn\u00ed v\u011bty tohoto&nbsp;<strong>\u010dl. 3.8<\/strong>, jsou z\u00e1kazn\u00edci opr\u00e1vn\u011bni od smlouvy odstoupit, pokud se nejedn\u00e1 o zm\u011bny sp\u00ed\u0161e organiza\u010dn\u00edho charakteru (zm\u011bna m\u00edstnosti, ve kter\u00e9 se bude akce konat, prohozen\u00ed polo\u017eek v harmonogramu atd.). V p\u0159\u00edpad\u011b odstoupen\u00ed od smlouvy m\u016f\u017ee z\u00e1kazn\u00edk vyu\u017e\u00edt jeden ze zp\u016fsob\u016f vypo\u0159\u00e1d\u00e1n\u00ed uhrazen\u00e9 ceny podle&nbsp;<strong>\u010dl. 3.9.<\/strong><\/p>\n\n\n\n<p><strong>3.9. Zru\u0161en\u00ed akce.<\/strong><\/p>\n\n\n\n<p>Poskytovatel si vyhrazuje pr\u00e1vo zru\u0161it akci v t\u011bchto p\u0159\u00edpadech:<\/p>\n\n\n\n<ul class=\"wp-block-list\">\n<li>nedosa\u017een\u00ed minim\u00e1ln\u00edho po\u010dtu \u00fa\u010dastn\u00edk\u016f pro danou akci,<\/li>\n\n\n\n<li>z organiza\u010dn\u00edch \u010di provozn\u00edch d\u016fvod\u016f.<\/li>\n<\/ul>\n\n\n\n<p>V\u0161ichni p\u0159ihl\u00e1\u0161en\u00ed \u00fa\u010dastn\u00edci akce budou bezodkladn\u011b informov\u00e1ni o jej\u00edm zru\u0161en\u00ed.<\/p>\n\n\n\n<p>Pokud p\u0159ihl\u00e1\u0161en\u00fd \u00fa\u010dastn\u00edk (z\u00e1kazn\u00edk) ji\u017e uhradil cenu akce, m\u00e1 pr\u00e1vo:<\/p>\n\n\n\n<ul class=\"wp-block-list\">\n<li>po\u017e\u00e1dat Poskytovatele o vr\u00e1cen\u00ed uhrazen\u00e9 ceny; Poskytovatel v takov\u00e9m p\u0159\u00edpad\u011b vr\u00e1t\u00ed uhrazenou cenu akce na bankovn\u00ed \u00fa\u010det, ze kter\u00e9ho byla cena uhrazena, a to nejpozd\u011bji do \u010dtrn\u00e1cti (14) dn\u016f ode dne, kdy ho o to \u00fa\u010dastn\u00edk (z\u00e1kazn\u00edk) po\u017e\u00e1d\u00e1, nebo<\/li>\n\n\n\n<li>vybrat si jinou akci z nab\u00eddky Poskytovatele,<\/li>\n\n\n\n<li>z\u00fa\u010dastnit se akce v n\u00e1hradn\u00edm term\u00ednu, pokud byl Poskytovatelem vyps\u00e1n.<\/li>\n<\/ul>\n\n\n\n<p><strong>3.10. Kdy m\u016f\u017ee Poskytovatel odstoupit od smlouvy.<\/strong><\/p>\n\n\n\n<p>Poskytovatel je opr\u00e1vn\u011bn od smlouvy se z\u00e1kazn\u00edkem odstoupit, nen\u00ed-li platba za \u00fa\u010dast na akci p\u0159ips\u00e1na na jeho bankovn\u00ed \u00fa\u010det nejpozd\u011bji do sedmi (7) dn\u00ed od uzav\u0159en\u00ed smlouvy podle&nbsp;<strong>\u010dl. 3.3<\/strong>.<\/p>\n\n\n\n<p>Smlouva zanik\u00e1 doru\u010den\u00edm odstoupen\u00ed z\u00e1kazn\u00edkovi.<\/p>\n\n\n\n<p><strong>3.11. Fotografie a videa z akce.<\/strong><\/p>\n\n\n\n<p>Potvrzen\u00edm t\u011bchto VOP z\u00e1kazn\u00edk souhlas\u00ed, \u017ee Poskytovatel m\u016f\u017ee na akci po\u0159izovat jeho fotografie a\/nebo videa a n\u00e1sledn\u011b je zve\u0159ejnit na Webu nebo soci\u00e1ln\u00edch s\u00edt\u00edch Poskytovatele za \u00fa\u010delem propagace jeho slu\u017eeb.<\/p>\n\n\n\n<p>Kdykoli v pr\u016fb\u011bhu akce i po jej\u00edm skon\u010den\u00ed je z\u00e1kazn\u00edk opr\u00e1vn\u011bn sv\u016fj souhlas podle p\u0159edchoz\u00edho odstavce tohoto&nbsp;<strong>\u010dl. 3.11<\/strong>&nbsp;odvolat. V takov\u00e9m p\u0159\u00edpad\u011b Poskytovatel zajist\u00ed, aby \u017e\u00e1dn\u00fd takov\u00fd z\u00e1znam z\u00e1kazn\u00edka nebyl po\u0159\u00edzen a\/nebo zve\u0159ejn\u011bn.<\/p>\n\n\n\n<h2 class=\"wp-block-heading\"><strong>4. PLATEBN\u00cd PODM\u00cdNKY<\/strong><\/h2>\n\n\n\n<p><strong>4.1. Cena slu\u017eeb nebo zbo\u017e\u00ed.<\/strong><\/p>\n\n\n\n<p>Ceny slu\u017eeb a zbo\u017e\u00ed jsou uvedeny na Webu v\u017edy na m\u00edst\u011b, kde jsou tyto jednotliv\u00e9 slu\u017eby a zbo\u017e\u00ed nab\u00edzeny.<\/p>\n\n\n\n<p>Cena slu\u017eeb podle&nbsp;<strong>\u010dl. 2<\/strong>&nbsp;se odv\u00edj\u00ed od povahy a rozsahu t\u011bchto slu\u017eeb a je v\u017edy v\u00fdsledkem dohody mezi Poskytovatelem a z\u00e1kazn\u00edkem (stejn\u011b jako dal\u0161\u00ed platebn\u00ed podm\u00ednky, kter\u00e9 se mohou li\u0161it od podm\u00ednek uveden\u00fdch v tomto \u010dl. 7).<\/p>\n\n\n\n<p>V\u0161echny ceny jsou na Webu uvedeny bez DPH.<\/p>\n\n\n\n<p>Ke v\u0161em fakturovan\u00fdm \u010d\u00e1stk\u00e1m Poskytovatel jako\u017eto pl\u00e1tce DPH p\u0159i\u010dte DPH v p\u0159\u00edslu\u0161n\u00e9 z\u00e1konn\u00e9 sazb\u011b.<\/p>\n\n\n\n<p><strong>4.2. Zp\u016fsoby platby.<\/strong><\/p>\n\n\n\n<p>Slu\u017eby nebo zbo\u017e\u00ed je mo\u017en\u00e9 zaplatit t\u011bmito zp\u016fsoby:<\/p>\n\n\n\n<ul class=\"wp-block-list\">\n<li>platebn\u00ed kartou p\u0159es platebn\u00ed br\u00e1nu,<\/li>\n\n\n\n<li>online bankovn\u00edm p\u0159evodem.<\/li>\n<\/ul>\n\n\n\n<p>Konkr\u00e9tn\u00ed mo\u017enosti, jak lze zaplatit za dod\u00e1vku slu\u017eeb \u010di zbo\u017e\u00ed, jsou v\u017edy uvedeny na Webu na m\u00edst\u011b, kde je mo\u017en\u00e9 tyto slu\u017eby \u010di zbo\u017e\u00ed objednat, p\u0159\u00edpadn\u011b v objedn\u00e1vkov\u00e9m formul\u00e1\u0159i.<\/p>\n\n\n\n<p><strong>4.3. Vystaven\u00ed a doru\u010den\u00ed faktur.<\/strong><\/p>\n\n\n\n<p>Poskytovatel bude vystavovat ve\u0161ker\u00e9 faktury elektronicky.<\/p>\n\n\n\n<p>Z\u00e1kazn\u00edk uzav\u0159en\u00edm smlouvy a p\u0159ijet\u00edm VOP potvrzuje, \u017ee souhlas\u00ed s elektronick\u00fdm vystavov\u00e1n\u00edm faktur a jejich zas\u00edl\u00e1n\u00edm na e-mailovou adresu, kterou uvede v objedn\u00e1vkov\u00e9m formul\u00e1\u0159i nebo ji jinak sd\u011bl\u00ed Poskytovateli.<\/p>\n\n\n\n<p>Poskytovatel za\u0161le z\u00e1kazn\u00edkovi fakturu za objednan\u00e9 slu\u017eby nebo zbo\u017e\u00ed v\u017edy nejpozd\u011bji do dvou (2) pracovn\u00edch dn\u016f od uzav\u0159en\u00ed smlouvy mezi Poskytovatelem a z\u00e1kazn\u00edkem.<\/p>\n\n\n\n<p><strong>4.4. Splatnost faktur.<\/strong><\/p>\n\n\n\n<p>Splatnost faktur vystaven\u00fdch na z\u00e1klad\u011b t\u011bchto VOP je \u010dtrn\u00e1ct (14) dn\u00ed od doru\u010den\u00ed faktury, pokud neplat\u00ed pro konkr\u00e9tn\u00ed slu\u017eby nebo zbo\u017e\u00ed podle t\u011bchto VOP jin\u00e1 doba splatnosti.<\/p>\n\n\n\n<p><strong>4.5. Potvrzen\u00ed o zaplacen\u00ed.<\/strong><\/p>\n\n\n\n<p>Poskytovatel potvrd\u00ed z\u00e1kazn\u00edkovi p\u0159ips\u00e1n\u00ed platby za cenu slu\u017eeb nebo zbo\u017e\u00ed na bankovn\u00ed \u00fa\u010det Poskytovatele, a to nejpozd\u011bji do dvou (2) pracovn\u00edch dn\u016f od p\u0159ijet\u00ed p\u0159\u00edslu\u0161n\u00e9 platby.<\/p>\n\n\n\n<h2 class=\"wp-block-heading\"><strong>5. OCHRANA OSOBN\u00cdCH \u00daDAJ\u016e, D\u016eV\u011aRNOST INFORMAC\u00cd<\/strong><\/h2>\n\n\n\n<p><strong>5.1. Ochrana osobn\u00edch \u00fadaj\u016f.<\/strong><\/p>\n\n\n\n<p>Zp\u016fsob, jak\u00fdm Poskytovatel zpracov\u00e1v\u00e1 osobn\u00ed \u00fadaje z\u00e1kazn\u00edk\u016f, je pops\u00e1n v samostatn\u00e9m dokumentu dostupn\u00e9m v\u017edy v aktu\u00e1ln\u00edm zn\u011bn\u00ed na webu.<\/p>\n\n\n\n<p><strong>5.2. D\u016fv\u011brnost ostatn\u00edch \u00fadaj\u016f.<\/strong><\/p>\n\n\n\n<p>Poskytovatel se zavazuje pln\u011b respektovat tak\u00e9 d\u016fv\u011brn\u00fd charakter \u00fadaj\u016f odli\u0161n\u00fdch od osobn\u00edch \u00fadaj\u016f (<strong>\u010dl. 9.1<\/strong>), zejm\u00e9na \u00fadaj\u016f o firemn\u00edch z\u00e1kazn\u00edc\u00edch a jejich vnit\u0159n\u00edm fungov\u00e1n\u00ed a dal\u0161\u00edch \u00fadaj\u016f o podnik\u00e1n\u00ed z\u00e1kazn\u00edka. Tak\u00e9 tyto \u00fadaje jsou zabezpe\u010deny proti neautorizovan\u00e9mu p\u0159\u00edstupu a chr\u00e1n\u011bny proti zneu\u017eit\u00ed.<\/p>\n\n\n\n<p>S p\u0159edchoz\u00edm souhlasem z\u00e1kazn\u00edka je mo\u017en\u00e9 uve\u0159ejnit na Webu referenci z\u00e1kazn\u00edka na slu\u017eby nebo zbo\u017e\u00ed Poskytovatele.<\/p>\n\n\n\n<h2 class=\"wp-block-heading\"><strong>6. Z\u00c1V\u011aRE\u010cN\u00c1 USTANOVEN\u00cd<\/strong><\/h2>\n\n\n\n<p><strong>6.1. Kdy se vedle VOP pou\u017eije z\u00e1kon.<\/strong><\/p>\n\n\n\n<p>Skute\u010dnosti neuveden\u00e9 ve VOP se \u0159\u00edd\u00ed \u010desk\u00fdm pr\u00e1vn\u00edm \u0159\u00e1dem, zejm\u00e9na ob\u010dansk\u00fdm z\u00e1kon\u00edkem.<\/p>\n\n\n\n<p><strong>6.2. Doba trv\u00e1n\u00ed smlouvy (a VOP).<\/strong><\/p>\n\n\n\n<p>Smlouva mezi Poskytovatelem a z\u00e1kazn\u00edkem (tj. i tyto VOP) trv\u00e1 do doby, ne\u017e jsou spln\u011bny z\u00e1vazky, kter\u00e9 z n\u00ed vypl\u00fdvaj\u00ed (zejm\u00e9na z\u00e1vazek Poskytovatele dodat slu\u017ebu a\/nebo zbo\u017e\u00ed a z\u00e1vazek z\u00e1kazn\u00edka zaplatit cenu t\u00e9to slu\u017eby a\/nebo zbo\u017e\u00ed).<\/p>\n\n\n\n<p>N\u011bkter\u00e1 pr\u00e1va trvaj\u00ed i po ukon\u010den\u00ed smlouvy mezi Poskytovatelem a z\u00e1kazn\u00edkem \u2013 zejm\u00e9na ta, u kter\u00fdch to prohla\u0161uj\u00ed tyto VOP, a d\u00e1le ta, z jejich\u017e povahy to vypl\u00fdv\u00e1 (nap\u0159. pr\u00e1va z odpov\u011bdnosti za vady, na n\u00e1hradu \u0161kody, atd.).<\/p>\n\n\n\n<p><strong>6.3. M\u00e1 p\u0159ednost smlouva nebo VOP.<\/strong><\/p>\n\n\n\n<p>Pokud vznikne rozpor mezi textem smlouvy a VOP, m\u00e1 p\u0159ednost text smlouvy.<\/p>\n\n\n\n<p>Tato verze VOP nab\u00fdv\u00e1 \u00fa\u010dinnosti dne 1. 10. 2021<\/p>\n\n\n\n<p>V Praze dne 30.9. 2021<\/p>\n\n\n<!-- wp:themify-builder\/canvas \/-->","protected":false},"excerpt":{"rendered":"<p>V\u0161eobecn\u00e9 obchodn\u00ed podm\u00ednky Agentura Xact s.r.o. v souladu s \u00a7 1751 a n\u00e1sl. z\u00e1kona \u010d. 89\/2012 Sb., ob\u010dansk\u00e9ho z\u00e1kon\u00edku, ve zn\u011bn\u00ed pozd\u011bj\u0161\u00edch p\u0159edpis\u016f (d\u00e1le jako \u201eob\u010dansk\u00fd z\u00e1kon\u00edk\u201c) vyd\u00e1v\u00e1 v\u0161eobecn\u00e9 obchodn\u00ed podm\u00ednky (d\u00e1le jako \u201eVOP\u201c) 1. P\u0158EDM\u011aT A \u00da\u010cEL VOP 1.1. Kdo je Poskytovatel. Spole\u010dnost&nbsp;Agentura Xact s.r.o., I\u010cO: 27084761, DI\u010c: CZ27084761, se s\u00eddlem: Rusk\u00e1 473\/8, 101 [&hellip;]<\/p>\n","protected":false},"author":1,"featured_media":0,"parent":0,"menu_order":0,"comment_status":"closed","ping_status":"closed","template":"","meta":{"footnotes":""},"class_list":["post-3","page","type-page","status-publish","hentry","has-post-title","has-post-date","has-post-category","has-post-tag","has-post-comment","has-post-author",""],"builder_content":"","_links":{"self":[{"href":"https:\/\/agenturaxact.cz\/en\/wp-json\/wp\/v2\/pages\/3","targetHints":{"allow":["GET"]}}],"collection":[{"href":"https:\/\/agenturaxact.cz\/en\/wp-json\/wp\/v2\/pages"}],"about":[{"href":"https:\/\/agenturaxact.cz\/en\/wp-json\/wp\/v2\/types\/page"}],"author":[{"embeddable":true,"href":"https:\/\/agenturaxact.cz\/en\/wp-json\/wp\/v2\/users\/1"}],"replies":[{"embeddable":true,"href":"https:\/\/agenturaxact.cz\/en\/wp-json\/wp\/v2\/comments?post=3"}],"version-history":[{"count":0,"href":"https:\/\/agenturaxact.cz\/en\/wp-json\/wp\/v2\/pages\/3\/revisions"}],"wp:attachment":[{"href":"https:\/\/agenturaxact.cz\/en\/wp-json\/wp\/v2\/media?parent=3"}],"curies":[{"name":"wp","href":"https:\/\/api.w.org\/{rel}","templated":true}]}}