{"id":51,"date":"2019-02-20T06:41:26","date_gmt":"2019-02-20T05:41:26","guid":{"rendered":"https:\/\/agenturaxact.cz\/portfolio\/"},"modified":"2024-02-18T19:20:10","modified_gmt":"2024-02-18T18:20:10","slug":"portfolio","status":"publish","type":"page","link":"https:\/\/agenturaxact.cz\/en\/portfolio\/","title":{"rendered":"Portfolio"},"content":{"rendered":"<!--themify_builder_content-->\n<div id=\"themify_builder_content-51\" data-postid=\"51\" class=\"themify_builder_content themify_builder_content-51 themify_builder tf_clear\">\n                    <div  data-lazy=\"1\" class=\"module_row themify_builder_row tb_xyyz655 tb_first tf_w\">\n                        <div class=\"row_inner col_align_middle tb_col_count_2 tf_box tf_rel\">\n                        <div  data-lazy=\"1\" class=\"module_column tb-column col4-2 tb_8d0x045 first\">\n                    <!-- module text -->\n<div  class=\"module module-text tb_qmyz278  repeat  wow\" data-tf-animation=\"bounceInLeft\" data-lazy=\"1\">\n        <div  class=\"tb_text_wrap\">\n        <h2>Portfolio<\/h2>    <\/div>\n<\/div>\n<!-- \/module text -->        <\/div>\n                    <div  data-lazy=\"1\" class=\"module_column tb-column col4-2 tb_evn2856 last\">\n                            <\/div>\n                        <\/div>\n        <\/div>\n                        <div  data-lazy=\"1\" class=\"module_row themify_builder_row tb_xemp315 tf_w\">\n                        <div class=\"row_inner col_align_top tb_col_count_1 tf_box tf_rel\">\n                        <div  data-lazy=\"1\" class=\"module_column tb-column col-full tb_wzx5315 first\">\n                            <div  data-lax-translate-y=\"(vh*1) 0,(vh*0) -70\" data-lax=\"true\" data-lazy=\"1\" class=\"module_subrow themify_builder_sub_row tf_w col_align_top tb_col_count_1 tb_jpc9851\">\n                <div  data-lazy=\"1\" class=\"module_column sub_column col-full tb_apgt851 first\">\n                    <!-- module post -->\n<div  class=\"module module-portfolio tb_ldft250\" data-lax-translate-y=\"(vh*1) 0,(vh*0) -70\" data-lax=\"true\">\n    <div  class=\"builder-posts-wrap loops-wrapper portfolio grid4 masonry overlay classic tf_rel tf_clear tf_clearfix tb_ajax_pagination\" data-id=\"tb_ldft250\" data-lazy=\"1\">\n    <article id=\"portfolio-1849\" class=\"post tf_clearfix portfolio-post cat-29 post-1849 portfolio type-portfolio status-publish has-post-thumbnail hentry portfolio-category-uncategorized has-post-title no-post-date has-post-category has-post-tag has-post-comment has-post-author\">\n\t\n\t\n\t                <figure class=\"post-image tf_clearfix\">\n                                                            <a href=\"https:\/\/agenturaxact.cz\/en\/project\/ceska-sporitelna\/\">\n                                        <img decoding=\"async\" width=\"1920\" height=\"2560\" src=\"https:\/\/agenturaxact.cz\/wp-content\/uploads\/2025\/08\/CS_portrait5.jpg\" class=\"wp-post-image wp-image-1936\" title=\"\u010cS_portrait5\" alt=\"\u010cS_portrait5\" srcset=\"https:\/\/agenturaxact.cz\/wp-content\/uploads\/2025\/08\/CS_portrait5.jpg 1920w, https:\/\/agenturaxact.cz\/wp-content\/uploads\/2025\/08\/CS_portrait5-225x300.jpg 225w, https:\/\/agenturaxact.cz\/wp-content\/uploads\/2025\/08\/CS_portrait5-768x1024.jpg 768w, https:\/\/agenturaxact.cz\/wp-content\/uploads\/2025\/08\/CS_portrait5-1152x1536.jpg 1152w, https:\/\/agenturaxact.cz\/wp-content\/uploads\/2025\/08\/CS_portrait5-1536x2048.jpg 1536w, https:\/\/agenturaxact.cz\/wp-content\/uploads\/2025\/08\/CS_portrait5-9x12.jpg 9w\" sizes=\"(max-width: 1920px) 100vw, 1920px\" \/>                                                                    <\/a>\n                                                                <\/figure>\n                    \n\t<div class=\"post-content\">\n\n\t\t\n\t\t\t<div class=\"post-content-inner\">\n\n\t\t\t\t\t\t\n\t\t\t\t\t\t\n\t\t\t\t\t\t<h4 class=\"post-title entry-title\"><a href=\"https:\/\/agenturaxact.cz\/en\/project\/ceska-sporitelna\/\">\u010cesk\u00e1 spo\u0159itelna<\/a><\/h4>\n\t\t\n\t\t        <div class=\"entry-content\">\n\n        \n        <\/div><!-- \/.entry-content -->\n        \n\t\t\n\t\t\t<\/div>\n\t\t\t<!-- \/.post-content-inner -->\n\t\t\n\t<\/div>\n\t<!-- \/.post-content -->\n\t<\/article>\n<!-- \/.post -->\n<article id=\"portfolio-49\" class=\"post tf_clearfix portfolio-post cat-29 post-49 portfolio type-portfolio status-publish has-post-thumbnail hentry portfolio-category-uncategorized has-post-title no-post-date has-post-category has-post-tag has-post-comment has-post-author\">\n\t\n\t\n\t                <figure class=\"post-image tf_clearfix\">\n                                                            <a href=\"https:\/\/agenturaxact.cz\/en\/project\/dell-technologies-forum\/\">\n                                        <img decoding=\"async\" width=\"960\" height=\"1280\" src=\"https:\/\/agenturaxact.cz\/wp-content\/uploads\/2024\/02\/dell_forum_h.jpg\" class=\"wp-post-image wp-image-1598\" title=\"dell_forum_h\" alt=\"dell_forum_h\" srcset=\"https:\/\/agenturaxact.cz\/wp-content\/uploads\/2024\/02\/dell_forum_h.jpg 960w, https:\/\/agenturaxact.cz\/wp-content\/uploads\/2024\/02\/dell_forum_h-225x300.jpg 225w, https:\/\/agenturaxact.cz\/wp-content\/uploads\/2024\/02\/dell_forum_h-768x1024.jpg 768w, https:\/\/agenturaxact.cz\/wp-content\/uploads\/2024\/02\/dell_forum_h-9x12.jpg 9w\" sizes=\"(max-width: 960px) 100vw, 960px\" \/>                                                                    <\/a>\n                                                                <\/figure>\n                    \n\t<div class=\"post-content\">\n\n\t\t\n\t\t\t<div class=\"post-content-inner\">\n\n\t\t\t\t\t\t\n\t\t\t\t\t\t\n\t\t\t\t\t\t<h4 class=\"post-title entry-title\"><a href=\"https:\/\/agenturaxact.cz\/en\/project\/dell-technologies-forum\/\">DELL Technologies Forum<\/a><\/h4>\n\t\t\n\t\t        <div class=\"entry-content\">\n\n        \n        <\/div><!-- \/.entry-content -->\n        \n\t\t\n\t\t\t<\/div>\n\t\t\t<!-- \/.post-content-inner -->\n\t\t\n\t<\/div>\n\t<!-- \/.post-content -->\n\t<\/article>\n<!-- \/.post -->\n<article id=\"portfolio-667\" class=\"post tf_clearfix portfolio-post cat-29 post-667 portfolio type-portfolio status-publish has-post-thumbnail hentry portfolio-category-uncategorized has-post-title no-post-date has-post-category has-post-tag has-post-comment has-post-author\">\n\t\n\t\n\t                <figure class=\"post-image tf_clearfix\">\n                                                            <a href=\"https:\/\/agenturaxact.cz\/en\/project\/czech-partner-awards\/\">\n                                        <img decoding=\"async\" width=\"960\" height=\"1280\" src=\"https:\/\/agenturaxact.cz\/wp-content\/uploads\/2024\/02\/CPA_h.jpg\" class=\"wp-post-image wp-image-1591\" title=\"CPA_h\" alt=\"CPA_h\" srcset=\"https:\/\/agenturaxact.cz\/wp-content\/uploads\/2024\/02\/CPA_h.jpg 960w, https:\/\/agenturaxact.cz\/wp-content\/uploads\/2024\/02\/CPA_h-225x300.jpg 225w, https:\/\/agenturaxact.cz\/wp-content\/uploads\/2024\/02\/CPA_h-768x1024.jpg 768w, https:\/\/agenturaxact.cz\/wp-content\/uploads\/2024\/02\/CPA_h-9x12.jpg 9w\" sizes=\"(max-width: 960px) 100vw, 960px\" \/>                                                                    <\/a>\n                                                                <\/figure>\n                    \n\t<div class=\"post-content\">\n\n\t\t\n\t\t\t<div class=\"post-content-inner\">\n\n\t\t\t\t\t\t\n\t\t\t\t\t\t\n\t\t\t\t\t\t<h4 class=\"post-title entry-title\"><a href=\"https:\/\/agenturaxact.cz\/en\/project\/czech-partner-awards\/\">Czech Partner Awards<\/a><\/h4>\n\t\t\n\t\t        <div class=\"entry-content\">\n\n        \n        <\/div><!-- \/.entry-content -->\n        \n\t\t\n\t\t\t<\/div>\n\t\t\t<!-- \/.post-content-inner -->\n\t\t\n\t<\/div>\n\t<!-- \/.post-content -->\n\t<\/article>\n<!-- \/.post -->\n<article id=\"portfolio-1286\" class=\"post tf_clearfix portfolio-post cat-29 post-1286 portfolio type-portfolio status-publish has-post-thumbnail hentry portfolio-category-uncategorized has-post-title no-post-date has-post-category has-post-tag has-post-comment has-post-author\">\n\t\n\t\n\t                <figure class=\"post-image tf_clearfix\">\n                                                            <a href=\"https:\/\/agenturaxact.cz\/en\/project\/cyber-security-event\/\">\n                                        <img decoding=\"async\" width=\"960\" height=\"1280\" src=\"https:\/\/agenturaxact.cz\/wp-content\/uploads\/2024\/02\/cyber_h.jpg\" class=\"wp-post-image wp-image-1595\" title=\"cyber_h\" alt=\"cyber_h\" srcset=\"https:\/\/agenturaxact.cz\/wp-content\/uploads\/2024\/02\/cyber_h.jpg 960w, https:\/\/agenturaxact.cz\/wp-content\/uploads\/2024\/02\/cyber_h-225x300.jpg 225w, https:\/\/agenturaxact.cz\/wp-content\/uploads\/2024\/02\/cyber_h-768x1024.jpg 768w, https:\/\/agenturaxact.cz\/wp-content\/uploads\/2024\/02\/cyber_h-9x12.jpg 9w\" sizes=\"(max-width: 960px) 100vw, 960px\" \/>                                                                    <\/a>\n                                                                <\/figure>\n                    \n\t<div class=\"post-content\">\n\n\t\t\n\t\t\t<div class=\"post-content-inner\">\n\n\t\t\t\t\t\t\n\t\t\t\t\t\t\n\t\t\t\t\t\t<h4 class=\"post-title entry-title\"><a href=\"https:\/\/agenturaxact.cz\/en\/project\/cyber-security-event\/\">Cyber Security Event<\/a><\/h4>\n\t\t\n\t\t        <div class=\"entry-content\">\n\n        \n        <\/div><!-- \/.entry-content -->\n        \n\t\t\n\t\t\t<\/div>\n\t\t\t<!-- \/.post-content-inner -->\n\t\t\n\t<\/div>\n\t<!-- \/.post-content -->\n\t<\/article>\n<!-- \/.post -->\n<article id=\"portfolio-1421\" class=\"post tf_clearfix portfolio-post cat-29 post-1421 portfolio type-portfolio status-publish has-post-thumbnail hentry portfolio-category-uncategorized has-post-title no-post-date has-post-category has-post-tag has-post-comment has-post-author\">\n\t\n\t\n\t                <figure class=\"post-image tf_clearfix\">\n                                                            <a href=\"https:\/\/agenturaxact.cz\/en\/project\/dell-technologies-day\/\">\n                                        <img decoding=\"async\" width=\"960\" height=\"1280\" src=\"https:\/\/agenturaxact.cz\/wp-content\/uploads\/2024\/02\/dell_day_h.jpg\" class=\"wp-post-image wp-image-1596\" title=\"dell_day_h\" alt=\"dell_day_h\" srcset=\"https:\/\/agenturaxact.cz\/wp-content\/uploads\/2024\/02\/dell_day_h.jpg 960w, https:\/\/agenturaxact.cz\/wp-content\/uploads\/2024\/02\/dell_day_h-225x300.jpg 225w, https:\/\/agenturaxact.cz\/wp-content\/uploads\/2024\/02\/dell_day_h-768x1024.jpg 768w, https:\/\/agenturaxact.cz\/wp-content\/uploads\/2024\/02\/dell_day_h-9x12.jpg 9w\" sizes=\"(max-width: 960px) 100vw, 960px\" \/>                                                                    <\/a>\n                                                                <\/figure>\n                    \n\t<div class=\"post-content\">\n\n\t\t\n\t\t\t<div class=\"post-content-inner\">\n\n\t\t\t\t\t\t\n\t\t\t\t\t\t\n\t\t\t\t\t\t<h4 class=\"post-title entry-title\"><a href=\"https:\/\/agenturaxact.cz\/en\/project\/dell-technologies-day\/\">Dell Technologies Day<\/a><\/h4>\n\t\t\n\t\t        <div class=\"entry-content\">\n\n        \n        <\/div><!-- \/.entry-content -->\n        \n\t\t\n\t\t\t<\/div>\n\t\t\t<!-- \/.post-content-inner -->\n\t\t\n\t<\/div>\n\t<!-- \/.post-content -->\n\t<\/article>\n<!-- \/.post -->\n<article id=\"portfolio-1324\" class=\"post tf_clearfix portfolio-post cat-29 post-1324 portfolio type-portfolio status-publish has-post-thumbnail hentry portfolio-category-uncategorized has-post-title no-post-date has-post-category has-post-tag has-post-comment has-post-author\">\n\t\n\t\n\t                <figure class=\"post-image tf_clearfix\">\n                                                            <a href=\"https:\/\/agenturaxact.cz\/en\/project\/ceska-miss-essens\/\">\n                                        <img decoding=\"async\" width=\"960\" height=\"1280\" src=\"https:\/\/agenturaxact.cz\/wp-content\/uploads\/2024\/02\/miss_h.jpg\" class=\"wp-post-image wp-image-1602\" title=\"miss_h\" alt=\"miss_h\" srcset=\"https:\/\/agenturaxact.cz\/wp-content\/uploads\/2024\/02\/miss_h.jpg 960w, https:\/\/agenturaxact.cz\/wp-content\/uploads\/2024\/02\/miss_h-225x300.jpg 225w, https:\/\/agenturaxact.cz\/wp-content\/uploads\/2024\/02\/miss_h-768x1024.jpg 768w, https:\/\/agenturaxact.cz\/wp-content\/uploads\/2024\/02\/miss_h-9x12.jpg 9w\" sizes=\"(max-width: 960px) 100vw, 960px\" \/>                                                                    <\/a>\n                                                                <\/figure>\n                    \n\t<div class=\"post-content\">\n\n\t\t\n\t\t\t<div class=\"post-content-inner\">\n\n\t\t\t\t\t\t\n\t\t\t\t\t\t\n\t\t\t\t\t\t<h4 class=\"post-title entry-title\"><a href=\"https:\/\/agenturaxact.cz\/en\/project\/ceska-miss-essens\/\">Czech Miss Essense<\/a><\/h4>\n\t\t\n\t\t        <div class=\"entry-content\">\n\n        \n        <\/div><!-- \/.entry-content -->\n        \n\t\t\n\t\t\t<\/div>\n\t\t\t<!-- \/.post-content-inner -->\n\t\t\n\t<\/div>\n\t<!-- \/.post-content -->\n\t<\/article>\n<!-- \/.post -->\n<article id=\"portfolio-1308\" class=\"post tf_clearfix portfolio-post cat-29 post-1308 portfolio type-portfolio status-publish has-post-thumbnail hentry portfolio-category-uncategorized has-post-title no-post-date has-post-category has-post-tag has-post-comment has-post-author\">\n\t\n\t\n\t                <figure class=\"post-image tf_clearfix\">\n                                                            <a href=\"https:\/\/agenturaxact.cz\/en\/project\/60-let-cra\/\">\n                                        <img decoding=\"async\" width=\"960\" height=\"1280\" src=\"https:\/\/agenturaxact.cz\/wp-content\/uploads\/2025\/07\/CRA_h-1.jpg\" class=\"wp-post-image wp-image-1732\" title=\"CRA_h\" alt=\"CRA_h\" srcset=\"https:\/\/agenturaxact.cz\/wp-content\/uploads\/2025\/07\/CRA_h-1.jpg 960w, https:\/\/agenturaxact.cz\/wp-content\/uploads\/2025\/07\/CRA_h-1-225x300.jpg 225w, https:\/\/agenturaxact.cz\/wp-content\/uploads\/2025\/07\/CRA_h-1-768x1024.jpg 768w, https:\/\/agenturaxact.cz\/wp-content\/uploads\/2025\/07\/CRA_h-1-9x12.jpg 9w\" sizes=\"(max-width: 960px) 100vw, 960px\" \/>                                                                    <\/a>\n                                                                <\/figure>\n                    \n\t<div class=\"post-content\">\n\n\t\t\n\t\t\t<div class=\"post-content-inner\">\n\n\t\t\t\t\t\t\n\t\t\t\t\t\t\n\t\t\t\t\t\t<h4 class=\"post-title entry-title\"><a href=\"https:\/\/agenturaxact.cz\/en\/project\/60-let-cra\/\">60 let \u010cRA<\/a><\/h4>\n\t\t\n\t\t        <div class=\"entry-content\">\n\n        \n        <\/div><!-- \/.entry-content -->\n        \n\t\t\n\t\t\t<\/div>\n\t\t\t<!-- \/.post-content-inner -->\n\t\t\n\t<\/div>\n\t<!-- \/.post-content -->\n\t<\/article>\n<!-- \/.post -->\n<article id=\"portfolio-669\" class=\"post tf_clearfix portfolio-post cat-29 post-669 portfolio type-portfolio status-publish has-post-thumbnail hentry portfolio-category-uncategorized has-post-title no-post-date has-post-category has-post-tag has-post-comment has-post-author\">\n\t\n\t\n\t                <figure class=\"post-image tf_clearfix\">\n                                                            <a href=\"https:\/\/agenturaxact.cz\/en\/project\/ceska-kvalita\/\">\n                                        <img decoding=\"async\" width=\"960\" height=\"1280\" src=\"https:\/\/agenturaxact.cz\/wp-content\/uploads\/2024\/02\/ceskakvalita_h.jpg\" class=\"wp-post-image wp-image-1589\" title=\"ceskakvalita_h\" alt=\"ceskakvalita_h\" srcset=\"https:\/\/agenturaxact.cz\/wp-content\/uploads\/2024\/02\/ceskakvalita_h.jpg 960w, https:\/\/agenturaxact.cz\/wp-content\/uploads\/2024\/02\/ceskakvalita_h-225x300.jpg 225w, https:\/\/agenturaxact.cz\/wp-content\/uploads\/2024\/02\/ceskakvalita_h-768x1024.jpg 768w, https:\/\/agenturaxact.cz\/wp-content\/uploads\/2024\/02\/ceskakvalita_h-9x12.jpg 9w\" sizes=\"(max-width: 960px) 100vw, 960px\" \/>                                                                    <\/a>\n                                                                <\/figure>\n                    \n\t<div class=\"post-content\">\n\n\t\t\n\t\t\t<div class=\"post-content-inner\">\n\n\t\t\t\t\t\t\n\t\t\t\t\t\t\n\t\t\t\t\t\t<h4 class=\"post-title entry-title\"><a href=\"https:\/\/agenturaxact.cz\/en\/project\/ceska-kvalita\/\">Czech quality<\/a><\/h4>\n\t\t\n\t\t        <div class=\"entry-content\">\n\n        \n        <\/div><!-- \/.entry-content -->\n        \n\t\t\n\t\t\t<\/div>\n\t\t\t<!-- \/.post-content-inner -->\n\t\t\n\t<\/div>\n\t<!-- \/.post-content -->\n\t<\/article>\n<!-- \/.post -->\n    <\/div><!-- .builder-posts-wrap -->\n                                    <p class=\"tf_load_more tf_textc tf_clear\"><a data-id=\"tb_ldft250\" href=\"https:\/\/agenturaxact.cz\/en\/wp-json\/wp\/v2\/pages\/51\/page\/2\/\" data-page=\"1\" class=\"load-more-button\">Load More<\/a><\/p>                <\/div>\n<!-- \/module post -->\n            <\/div>\n                    <\/div>\n                <\/div>\n                        <\/div>\n        <\/div>\n        <\/div>\n<!--\/themify_builder_content-->","protected":false},"excerpt":{"rendered":"<p>Portfolio<\/p>","protected":false},"author":1,"featured_media":0,"parent":0,"menu_order":0,"comment_status":"closed","ping_status":"closed","template":"","meta":{"footnotes":""},"class_list":["post-51","page","type-page","status-publish","hentry","has-post-title","has-post-date","has-post-category","has-post-tag","has-post-comment","has-post-author",""],"builder_content":"<h2>Na\u0161e pr\u00e1ce<\/h2>","_links":{"self":[{"href":"https:\/\/agenturaxact.cz\/en\/wp-json\/wp\/v2\/pages\/51","targetHints":{"allow":["GET"]}}],"collection":[{"href":"https:\/\/agenturaxact.cz\/en\/wp-json\/wp\/v2\/pages"}],"about":[{"href":"https:\/\/agenturaxact.cz\/en\/wp-json\/wp\/v2\/types\/page"}],"author":[{"embeddable":true,"href":"https:\/\/agenturaxact.cz\/en\/wp-json\/wp\/v2\/users\/1"}],"replies":[{"embeddable":true,"href":"https:\/\/agenturaxact.cz\/en\/wp-json\/wp\/v2\/comments?post=51"}],"version-history":[{"count":0,"href":"https:\/\/agenturaxact.cz\/en\/wp-json\/wp\/v2\/pages\/51\/revisions"}],"wp:attachment":[{"href":"https:\/\/agenturaxact.cz\/en\/wp-json\/wp\/v2\/media?parent=51"}],"curies":[{"name":"wp","href":"https:\/\/api.w.org\/{rel}","templated":true}]}}