{"id":54,"date":"2019-02-20T06:40:59","date_gmt":"2019-02-20T05:40:59","guid":{"rendered":"https:\/\/agenturaxact.cz\/about\/"},"modified":"2025-08-26T13:50:54","modified_gmt":"2025-08-26T11:50:54","slug":"marketing-pr-reklama","status":"publish","type":"page","link":"https:\/\/agenturaxact.cz\/en\/marketing-pr-reklama\/","title":{"rendered":"MARKETING, PR, PROMOTION"},"content":{"rendered":"<!--themify_builder_content-->\n<div id=\"themify_builder_content-54\" data-postid=\"54\" class=\"themify_builder_content themify_builder_content-54 themify_builder tf_clear\">\n                    <div  data-css_id=\"c8o8639\" data-lazy=\"1\" class=\"module_row themify_builder_row fullwidth_row_container tb_c8o8639 tb_first tf_w\">\n                        <div class=\"row_inner col_align_middle gutter-none tb_col_count_2 tf_box tf_rel\">\n                        <div  data-lazy=\"1\" class=\"module_column tb-column col4-2 tb_cn4o639 first\">\n                    <!-- module text -->\n<div  class=\"module module-text tb_c78q639\" data-lazy=\"1\">\n        <div  class=\"tb_text_wrap\">\n        <h1 class=\"image-title\">MARKETING, PR, PROMOTION<\/h1>    <\/div>\n<\/div>\n<!-- \/module text -->        <\/div>\n                    <div  data-lazy=\"1\" class=\"module_column tb-column col4-2 tb_dom1639 last\">\n                    <!-- module image -->\n<div  class=\"module module-image tb_c1i8639 image-right   tf_mw\" data-lazy=\"1\" data-lax-translate-y=\"(vh*1) 0,(vh*0) -70\" data-lax=\"true\">\n        <div class=\"image-wrap tf_rel tf_mw\">\n            <img decoding=\"async\" src=\"https:\/\/agenturaxact.cz\/wp-content\/uploads\/2023\/11\/mic_tr-300x300.png\" width=\"300\" height=\"300\" class=\"wp-post-image wp-image-792\" title=\"mic_tr\" alt=\"mic_tr\" srcset=\"https:\/\/agenturaxact.cz\/wp-content\/uploads\/2023\/11\/mic_tr-300x300.png 300w, https:\/\/agenturaxact.cz\/wp-content\/uploads\/2023\/11\/mic_tr-150x150.png 150w, https:\/\/agenturaxact.cz\/wp-content\/uploads\/2023\/11\/mic_tr.png 645w\" sizes=\"(max-width: 300px) 100vw, 300px\" \/>    \n        <\/div>\n    <!-- \/image-wrap -->\n    \n        <\/div>\n<!-- \/module image -->        <\/div>\n                        <\/div>\n        <\/div>\n                        <div  data-lazy=\"1\" class=\"module_row themify_builder_row tb_4dd25e3 tf_w\">\n                        <div class=\"row_inner col_align_top tb_col_count_1 tf_box tf_rel\">\n                        <div  data-lazy=\"1\" class=\"module_column tb-column col-full tb_58a671c first\">\n                            <div  data-lazy=\"1\" class=\"module_subrow themify_builder_sub_row tf_w col_align_top tb_col_count_2 tb_tqtp250\">\n                <div  data-lazy=\"1\" class=\"module_column sub_column col4-2 tb_ebpl250 first\">\n                    <!-- module text -->\n<div  class=\"module module-text tb_0n29884\" data-lazy=\"1\">\n        <div  class=\"tb_text_wrap\">\n        <h2 class=\"uppercase alt-font thin-font\">MARKETING AND PROMOTION\/PRODUCTION\/<\/h2>    <\/div>\n<\/div>\n<!-- \/module text --><!-- module text -->\n<div  class=\"module module-text tb_8qjz129\" data-lazy=\"1\">\n        <div  class=\"tb_text_wrap\">\n        <ul>\n<li>\n<p>Advertising, media services<\/p>\n<ul>\n<li>\n<p>Product communication<\/p>\n<\/li>\n<li>\n<p>Product Placement<\/p>\n<\/li>\n<li>\n<p>Mini programs \u2013 thematically focused tv programs<\/p>\n<\/li>\n<li>\n<p>Cooperation with bloggers<\/p>\n<\/li>\n<li>Sponzoring<\/li>\n<li>Social networks<\/li>\n<li>\n<p>Etc.<\/p>\n<\/li>\n<\/ul>\n<\/li>\n<li>Production and graphics, videos, presentations<\/li>\n<li>Creation and printing of publications<\/li>\n<li>Corporate magazines, publications, magazines<\/li>\n<\/ul>    <\/div>\n<\/div>\n<!-- \/module text -->        <\/div>\n                    <div  data-lazy=\"1\" class=\"module_column sub_column col4-2 tb_d7j2250 last\">\n                    <!-- module text -->\n<div  class=\"module module-text tb_czrz897\" data-lazy=\"1\">\n        <div  class=\"tb_text_wrap\">\n        <h2 class=\"uppercase alt-font\">PUBLIC AND MEDIA RELATIONS<\/h2>    <\/div>\n<\/div>\n<!-- \/module text --><!-- module text -->\n<div  class=\"module module-text tb_dxqo482\" data-lazy=\"1\">\n        <div  class=\"tb_text_wrap\">\n        <ul>\n<li>Editorial work<br><br>\n<ul>\n<li>creation of texts<\/li>\n<li>press releases<\/li>\n<li>corporate magazines<\/li>\n<li>copywriting<\/li>\n<\/ul>\n<\/li>\n<li>Media communication strategy<\/li>\n<li>Crisis communication<\/li>\n<li>Product communication<\/li>\n<li>Media communication\/media relations<\/li>\n<li>Communication on social networks<\/li>\n<li>Cooperation with bloggers<\/li>\n<li>Internal a personnel communication<\/li>\n<li>Print monitoring<\/li>\n<\/ul>    <\/div>\n<\/div>\n<!-- \/module text -->        <\/div>\n                    <\/div>\n                <\/div>\n                        <\/div>\n        <\/div>\n        <\/div>\n<!--\/themify_builder_content-->","protected":false},"excerpt":{"rendered":"<p>MARKETING, PR, PROMOTION<\/p>","protected":false},"author":1,"featured_media":0,"parent":0,"menu_order":0,"comment_status":"closed","ping_status":"closed","template":"","meta":{"footnotes":""},"class_list":["post-54","page","type-page","status-publish","hentry","has-post-title","has-post-date","has-post-category","has-post-tag","has-post-comment","has-post-author",""],"builder_content":"<h1>MARKETING, PR, REKLAMA<\/h1>\n<img src=\"https:\/\/agenturaxact.cz\/wp-content\/uploads\/2023\/11\/mic_tr-300x300.png\" width=\"300\" height=\"300\" title=\"mic_tr\" alt=\"mic_tr\" srcset=\"https:\/\/agenturaxact.cz\/wp-content\/uploads\/2023\/11\/mic_tr-300x300.png 300w, https:\/\/agenturaxact.cz\/wp-content\/uploads\/2023\/11\/mic_tr-150x150.png 150w, https:\/\/agenturaxact.cz\/wp-content\/uploads\/2023\/11\/mic_tr.png 645w\" sizes=\"(max-width: 300px) 100vw, 300px\" \/>\n<h2>REKLAMA\/PRODUKCE<\/h2>\n<ul> <li> <p>Inzerce, medi\u00e1ln\u00ed slu\u017eby<\/p> <ul> <li> <p>Produktov\u00e1 komunikace<\/p> <\/li> <li> <p>Product Placement<\/p> <\/li> <li> <p>Minipo\u0159ady \u2013 tematicky zam\u011b\u0159en\u00e9 TV po\u0159ady<\/p> <\/li> <li> <p>Spolupr\u00e1ce s blogery<\/p> <\/li> <li>Sponzoring<\/li> <li>Soci\u00e1ln\u00ed s\u00edt\u011b<\/li> <li> <p>Atd.<\/p> <\/li> <\/ul> <\/li> <li>Produkce a grafika, videa, prezentace<\/li> <li>Tvorba a tisk publikac\u00ed<\/li> <li>Firemn\u00ed \u010dasopis, publikace, magaz\u00edny<\/li> <\/ul>\n<h2>PUBLIC AND MEDIA RELATIONS<\/h2>\n<ul> <li>Redak\u010dn\u00ed pr\u00e1ce<br><br> <ul> <li>tvorba text\u016f<\/li> <li>tiskov\u00fdch zpr\u00e1v<\/li> <li>firemn\u00edch \u010dasopis\u016f<\/li> <li>copywriting<\/li> <\/ul> <\/li> <li>Strategie medi\u00e1ln\u00ed komunikace<\/li> <li>Krizov\u00e1 komunikace<\/li> <li>Produktov\u00e1 komunikace<\/li> <li>Medi\u00e1ln\u00ed komunikace\/media relations<\/li> <li>Komunikace na soci\u00e1ln\u00edch s\u00edt\u00edch<\/li> <li>Spolupr\u00e1ce s blogery<\/li> <li>Intern\u00ed a person\u00e1ln\u00ed komunikace<\/li> <li>Monitoring tisku<\/li> <\/ul>","_links":{"self":[{"href":"https:\/\/agenturaxact.cz\/en\/wp-json\/wp\/v2\/pages\/54","targetHints":{"allow":["GET"]}}],"collection":[{"href":"https:\/\/agenturaxact.cz\/en\/wp-json\/wp\/v2\/pages"}],"about":[{"href":"https:\/\/agenturaxact.cz\/en\/wp-json\/wp\/v2\/types\/page"}],"author":[{"embeddable":true,"href":"https:\/\/agenturaxact.cz\/en\/wp-json\/wp\/v2\/users\/1"}],"replies":[{"embeddable":true,"href":"https:\/\/agenturaxact.cz\/en\/wp-json\/wp\/v2\/comments?post=54"}],"version-history":[{"count":0,"href":"https:\/\/agenturaxact.cz\/en\/wp-json\/wp\/v2\/pages\/54\/revisions"}],"wp:attachment":[{"href":"https:\/\/agenturaxact.cz\/en\/wp-json\/wp\/v2\/media?parent=54"}],"curies":[{"name":"wp","href":"https:\/\/api.w.org\/{rel}","templated":true}]}}