{"id":803,"date":"2023-11-23T14:11:02","date_gmt":"2023-11-23T13:11:02","guid":{"rendered":"https:\/\/agenturaxact.cz\/marketing-pr-reklama-copy\/"},"modified":"2025-08-27T13:44:00","modified_gmt":"2025-08-27T11:44:00","slug":"creative-servis","status":"publish","type":"page","link":"https:\/\/agenturaxact.cz\/en\/creative-servis\/","title":{"rendered":"CREATIVE SERVIS"},"content":{"rendered":"<!--themify_builder_content-->\n<div id=\"themify_builder_content-803\" data-postid=\"803\" class=\"themify_builder_content themify_builder_content-803 themify_builder tf_clear\">\n                    <div  data-css_id=\"x1m3121\" data-lazy=\"1\" class=\"module_row themify_builder_row fullwidth_row_container tb_x1m3121 tb_first tf_w\">\n                        <div class=\"row_inner col_align_middle gutter-none tb_col_count_2 tf_box tf_rel\">\n                        <div  data-lazy=\"1\" class=\"module_column tb-column col4-2 tb_ibu0021 first\">\n                    <!-- module text -->\n<div  class=\"module module-text tb_z2fz210\" data-lazy=\"1\">\n        <div  class=\"tb_text_wrap\">\n        <h1 class=\"image-title\">CREATIVE SERVIS<\/h1>    <\/div>\n<\/div>\n<!-- \/module text -->        <\/div>\n                    <div  data-lazy=\"1\" class=\"module_column tb-column col4-2 tb_2glv010 last\">\n                    <!-- module image -->\n<div  class=\"module module-image tb_hnih020 image-right   tf_mw\" data-lazy=\"1\" data-lax-translate-y=\"(vh*1) 0,(vh*0) -70\" data-lax=\"true\">\n        <div class=\"image-wrap tf_rel tf_mw\">\n            <img decoding=\"async\" src=\"https:\/\/agenturaxact.cz\/wp-content\/uploads\/2023\/11\/bulb_tr-300x300.png\" width=\"300\" height=\"300\" class=\"wp-post-image wp-image-788\" title=\"bulb_tr\" alt=\"bulb_tr\" srcset=\"https:\/\/agenturaxact.cz\/wp-content\/uploads\/2023\/11\/bulb_tr-300x300.png 300w, https:\/\/agenturaxact.cz\/wp-content\/uploads\/2023\/11\/bulb_tr-150x150.png 150w, https:\/\/agenturaxact.cz\/wp-content\/uploads\/2023\/11\/bulb_tr-400x400.png 400w, https:\/\/agenturaxact.cz\/wp-content\/uploads\/2023\/11\/bulb_tr.png 717w\" sizes=\"(max-width: 300px) 100vw, 300px\" \/>    \n        <\/div>\n    <!-- \/image-wrap -->\n    \n        <\/div>\n<!-- \/module image -->        <\/div>\n                        <\/div>\n        <\/div>\n                        <div  data-lazy=\"1\" class=\"module_row themify_builder_row tb_cv3g002 tf_w\">\n                        <div class=\"row_inner col_align_top tb_col_count_1 tf_box tf_rel\">\n                        <div  data-lazy=\"1\" class=\"module_column tb-column col-full tb_uft8220 first\">\n                    <!-- module text -->\n<div  class=\"module module-text tb_uvh3522\" data-lazy=\"1\">\n        <div  class=\"tb_text_wrap\">\n        <p>First and foremost, it's about creativity. <br>Every company specializes at something, every company has its goals and services.<\/p>\n<p><strong>But what do they all have in common?<\/strong><br>Cht\u011bj\u00ed d\u00e1t sv\u00fdm z\u00e1kazn\u00edk\u016fm a partner\u016fm to nejlep\u0161\u00ed.<\/p>\n<p><strong>And what does one remember the most?<\/strong><br>AN UNFORGETABLE EMOTIONAL EXPERIENCE.<\/p>\n<p>That's why we always take care and prepare a tailor-made creative concept.<\/p>    <\/div>\n<\/div>\n<!-- \/module text -->        <\/div>\n                        <\/div>\n        <\/div>\n        <\/div>\n<!--\/themify_builder_content-->","protected":false},"excerpt":{"rendered":"<p>CREATIVE SERVIS<\/p>","protected":false},"author":1,"featured_media":0,"parent":0,"menu_order":0,"comment_status":"closed","ping_status":"closed","template":"","meta":{"footnotes":""},"class_list":["post-803","page","type-page","status-publish","hentry","has-post-title","has-post-date","has-post-category","has-post-tag","has-post-comment","has-post-author",""],"builder_content":"<h1>CREATIVE SERVIS<\/h1>\n<img src=\"https:\/\/agenturaxact.cz\/wp-content\/uploads\/2023\/11\/bulb_tr-300x300.png\" width=\"300\" height=\"300\" title=\"bulb_tr\" alt=\"bulb_tr\" srcset=\"https:\/\/agenturaxact.cz\/wp-content\/uploads\/2023\/11\/bulb_tr-300x300.png 300w, https:\/\/agenturaxact.cz\/wp-content\/uploads\/2023\/11\/bulb_tr-150x150.png 150w, https:\/\/agenturaxact.cz\/wp-content\/uploads\/2023\/11\/bulb_tr-400x400.png 400w, https:\/\/agenturaxact.cz\/wp-content\/uploads\/2023\/11\/bulb_tr.png 717w\" sizes=\"(max-width: 300px) 100vw, 300px\" \/>\n<p>V prvn\u00ed \u0159ad\u011b jde o kreativu. <br>Ka\u017ed\u00e1 spole\u010dnost je n\u011b\u010d\u00edm specifick\u00e1, a ka\u017ed\u00e1 m\u00e1 svoje c\u00edle a produkty.<\/p> <p><strong>Co maj\u00ed ale v\u0161echny spole\u010dn\u00e9?<\/strong><br>Cht\u011bj\u00ed d\u00e1t sv\u00fdm z\u00e1kazn\u00edk\u016fm a partner\u016fm to nejlep\u0161\u00ed.<\/p> <p><strong>A co si \u010dlov\u011bk zapamatuje nejl\u00e9pe?<\/strong><br>TO, CO RE\u00c1LN\u011a PRO\u017dIJE.<\/p> <p>Proto si v\u017edy d\u00e1me z\u00e1le\u017eet a p\u0159iprav\u00edme kreativn\u00ed koncept na m\u00edru.<\/p>","_links":{"self":[{"href":"https:\/\/agenturaxact.cz\/en\/wp-json\/wp\/v2\/pages\/803","targetHints":{"allow":["GET"]}}],"collection":[{"href":"https:\/\/agenturaxact.cz\/en\/wp-json\/wp\/v2\/pages"}],"about":[{"href":"https:\/\/agenturaxact.cz\/en\/wp-json\/wp\/v2\/types\/page"}],"author":[{"embeddable":true,"href":"https:\/\/agenturaxact.cz\/en\/wp-json\/wp\/v2\/users\/1"}],"replies":[{"embeddable":true,"href":"https:\/\/agenturaxact.cz\/en\/wp-json\/wp\/v2\/comments?post=803"}],"version-history":[{"count":0,"href":"https:\/\/agenturaxact.cz\/en\/wp-json\/wp\/v2\/pages\/803\/revisions"}],"wp:attachment":[{"href":"https:\/\/agenturaxact.cz\/en\/wp-json\/wp\/v2\/media?parent=803"}],"curies":[{"name":"wp","href":"https:\/\/api.w.org\/{rel}","templated":true}]}}