{"id":809,"date":"2023-11-23T14:11:36","date_gmt":"2023-11-23T13:11:36","guid":{"rendered":"https:\/\/agenturaxact.cz\/creative-servis-copy\/"},"modified":"2025-08-27T13:45:55","modified_gmt":"2025-08-27T11:45:55","slug":"event-production","status":"publish","type":"page","link":"https:\/\/agenturaxact.cz\/en\/event-production\/","title":{"rendered":"EVENT PRODUCTION"},"content":{"rendered":"<!--themify_builder_content-->\n<div id=\"themify_builder_content-809\" data-postid=\"809\" class=\"themify_builder_content themify_builder_content-809 themify_builder tf_clear\">\n                    <div  data-css_id=\"rbmj262\" data-lazy=\"1\" class=\"module_row themify_builder_row fullwidth_row_container tb_rbmj262 tb_first tf_w\">\n                        <div class=\"row_inner col_align_middle gutter-none tb_col_count_2 tf_box tf_rel\">\n                        <div  data-lazy=\"1\" class=\"module_column tb-column col4-2 tb_ml2e263 first\">\n                    <!-- module text -->\n<div  class=\"module module-text tb_whql263\" data-lazy=\"1\">\n        <div  class=\"tb_text_wrap\">\n        <h1 class=\"image-title\">EVENT PRODUCTION<\/h1>    <\/div>\n<\/div>\n<!-- \/module text -->        <\/div>\n                    <div  data-lazy=\"1\" class=\"module_column tb-column col4-2 tb_f287263 last\">\n                    <!-- module image -->\n<div  class=\"module module-image tb_1a09263 image-right   tf_mw\" data-lazy=\"1\" data-lax-translate-y=\"(vh*1) 0,(vh*0) -70\" data-lax=\"true\">\n        <div class=\"image-wrap tf_rel tf_mw\">\n            <img decoding=\"async\" src=\"https:\/\/agenturaxact.cz\/wp-content\/uploads\/2023\/11\/calendar_tr-300x300.png\" width=\"300\" height=\"300\" class=\"wp-post-image wp-image-789\" title=\"calendar_tr\" alt=\"calendar_tr\" srcset=\"https:\/\/agenturaxact.cz\/wp-content\/uploads\/2023\/11\/calendar_tr-300x300.png 300w, https:\/\/agenturaxact.cz\/wp-content\/uploads\/2023\/11\/calendar_tr-150x150.png 150w, https:\/\/agenturaxact.cz\/wp-content\/uploads\/2023\/11\/calendar_tr.png 633w\" sizes=\"(max-width: 300px) 100vw, 300px\" \/>    \n        <\/div>\n    <!-- \/image-wrap -->\n    \n        <\/div>\n<!-- \/module image -->        <\/div>\n                        <\/div>\n        <\/div>\n                        <div  data-lazy=\"1\" class=\"module_row themify_builder_row tb_2t76608 tf_w\">\n                        <div class=\"row_inner col_align_top tb_col_count_1 tf_box tf_rel\">\n                        <div  data-lazy=\"1\" class=\"module_column tb-column col-full tb_hcwk000 first\">\n                    <!-- module text -->\n<div  class=\"module module-text tb_0hv4206\" data-lazy=\"1\">\n        <div  class=\"tb_text_wrap\">\n        <p><strong>Together we will define the goal, through creativity we will finds the best way for our production team to implements your goal <\/strong><strong>.<\/strong><\/p>\n<p><strong>AGENTURA XACT<\/strong> has been involved in event marketing for over 20 years. We have a team of professionals who will prepare the project from start to finish, including graphic and video materials.<\/p>\n<p>We have a lot of great events and projects behind us, and we enjoy what we do. The proof is our long-standing cooperation with our regular clients.<\/p>\n<p>Every project is given the same professionalism regardless of the size of the budget.\u00a0<\/p>\n<ul>\n<li>Event &amp; performance<br><br>\n<ul>\n<li>Gala events<\/li>\n<li>Fashion show<\/li>\n<li>Trade shows<\/li>\n<li>Trade\/light show<\/li>\n<li>Multimedia production<\/li>\n<\/ul>\n<\/li>\n<li>Press conferences<\/li>\n<li>Teambuilding - employee and customer events<\/li>\n<li>Experiential motivational events for your employees in the most beautiful places of our planet<\/li>\n<li>Social and public events<\/li>\n<li>TV show<\/li>\n<li>Seminars and conferences<\/li>\n<li>Exhibitions and trade shows<\/li>\n<li><span style=\"color: #000000; font-family: Calibri, sans-serif;\"><span style=\"font-size: 14.6667px; caret-color: #000000;\">Webinars in the 3D studio<\/span><\/span><\/li>\n<li>Teasers from events<\/li>\n<\/ul>    <\/div>\n<\/div>\n<!-- \/module text -->        <\/div>\n                        <\/div>\n        <\/div>\n        <\/div>\n<!--\/themify_builder_content-->","protected":false},"excerpt":{"rendered":"<p>EVENT PRODUCTION<\/p>","protected":false},"author":1,"featured_media":0,"parent":0,"menu_order":0,"comment_status":"closed","ping_status":"closed","template":"","meta":{"footnotes":""},"class_list":["post-809","page","type-page","status-publish","hentry","has-post-title","has-post-date","has-post-category","has-post-tag","has-post-comment","has-post-author",""],"builder_content":"<h1>EVENT PRODUCTION<\/h1>\n<img src=\"https:\/\/agenturaxact.cz\/wp-content\/uploads\/2023\/11\/calendar_tr-300x300.png\" width=\"300\" height=\"300\" title=\"calendar_tr\" alt=\"calendar_tr\" srcset=\"https:\/\/agenturaxact.cz\/wp-content\/uploads\/2023\/11\/calendar_tr-300x300.png 300w, https:\/\/agenturaxact.cz\/wp-content\/uploads\/2023\/11\/calendar_tr-150x150.png 150w, https:\/\/agenturaxact.cz\/wp-content\/uploads\/2023\/11\/calendar_tr.png 633w\" sizes=\"(max-width: 300px) 100vw, 300px\" \/>\n<p><strong>Spole\u010dn\u011b definujeme c\u00edl, kreativn\u00ed t\u00fdm najde tu nejlep\u0161\u00ed cestu a produkce <\/strong><strong>projekt zrealizuje.<\/strong><\/p> <p><strong>AGENTURA XACT<\/strong> se v\u011bnuje event marketingu u\u017e p\u0159es 20 let. M\u00e1me t\u00fdm profesion\u00e1l\u016f, kte\u0159\u00ed p\u0159iprav\u00ed projekt od za\u010d\u00e1tku a\u017e do konce v\u010detn\u011b grafick\u00fdch i video materi\u00e1l\u016f.<\/p> <p>M\u00e1me za sebou spoustu skv\u011bl\u00fdch akc\u00ed a projekt\u016f, a to co d\u011bl\u00e1me, n\u00e1s bav\u00ed. D\u016fkazem je na\u0161e dlouholet\u00e1 spolupr\u00e1ce s na\u0161imi st\u00e1l\u00fdmi klienty.<\/p> <p>Ka\u017ed\u00fd projekt m\u00e1 smysl a nez\u00e1le\u017e\u00ed na velikosti rozpo\u010dtu. Z\u00e1le\u017e\u00ed na n\u00e1padu a nezapomenuteln\u00fdch emoc\u00edch, kter\u00e9 projektu dod\u00e1 kreativn\u00ed p\u0159\u00edstup.\u00a0<\/p> <ul> <li>Event &amp; performance<br><br> <ul> <li>Galave\u010dery<\/li> <li>Fashion show<\/li> <li>Veletrhy<\/li> <li>Sv\u011bteln\u00e1 show<\/li> <li>Multimedi\u00e1ln\u00ed produkce<\/li> <\/ul> <\/li> <li>Tiskov\u00e9 konference<\/li> <li>Teambuilding \u2013 zam\u011bstnaneck\u00e9 i z\u00e1kaznick\u00e9 akce<\/li> <li>Z\u00e1\u017eitkov\u00e9 motiva\u010dn\u00ed akce pro va\u0161e zam\u011bstnance na nejkr\u00e1sn\u011bj\u0161\u00edch m\u00edstech na\u0161\u00ed planety<\/li> <li>Spole\u010densk\u00e9 a ve\u0159ejn\u00e9 akce<\/li> <li>Televizn\u00ed show<\/li> <li>Semin\u00e1\u0159e a konference<\/li> <li>V\u00fdstavy a veletrhy<\/li> <li>Webin\u00e1\u0159e ve 3D studiu<\/li> <li>Teasery z akc\u00ed<\/li> <\/ul>","_links":{"self":[{"href":"https:\/\/agenturaxact.cz\/en\/wp-json\/wp\/v2\/pages\/809","targetHints":{"allow":["GET"]}}],"collection":[{"href":"https:\/\/agenturaxact.cz\/en\/wp-json\/wp\/v2\/pages"}],"about":[{"href":"https:\/\/agenturaxact.cz\/en\/wp-json\/wp\/v2\/types\/page"}],"author":[{"embeddable":true,"href":"https:\/\/agenturaxact.cz\/en\/wp-json\/wp\/v2\/users\/1"}],"replies":[{"embeddable":true,"href":"https:\/\/agenturaxact.cz\/en\/wp-json\/wp\/v2\/comments?post=809"}],"version-history":[{"count":0,"href":"https:\/\/agenturaxact.cz\/en\/wp-json\/wp\/v2\/pages\/809\/revisions"}],"wp:attachment":[{"href":"https:\/\/agenturaxact.cz\/en\/wp-json\/wp\/v2\/media?parent=809"}],"curies":[{"name":"wp","href":"https:\/\/api.w.org\/{rel}","templated":true}]}}