{"id":815,"date":"2023-11-23T14:12:36","date_gmt":"2023-11-23T13:12:36","guid":{"rendered":"https:\/\/agenturaxact.cz\/event-production-copy\/"},"modified":"2024-02-29T19:59:37","modified_gmt":"2024-02-29T18:59:37","slug":"kurzy-seminare","status":"publish","type":"page","link":"https:\/\/agenturaxact.cz\/en\/kurzy-seminare\/","title":{"rendered":"COURSES AND SEMINARS"},"content":{"rendered":"<!--themify_builder_content-->\n<div id=\"themify_builder_content-815\" data-postid=\"815\" class=\"themify_builder_content themify_builder_content-815 themify_builder tf_clear\">\n                    <div  data-css_id=\"sryj7\" data-lazy=\"1\" class=\"module_row themify_builder_row fullwidth_row_container tb_sryj7 tb_first tf_w\">\n                        <div class=\"row_inner col_align_middle gutter-none tb_col_count_2 tf_box tf_rel\">\n                        <div  data-lazy=\"1\" class=\"module_column tb-column col4-2 tb_9mgx7 first\">\n                    <!-- module text -->\n<div  class=\"module module-text tb_799k7\" data-lazy=\"1\">\n        <div  class=\"tb_text_wrap\">\n        <h1 class=\"image-title\">COURSES AND SEMINARS<\/h1>    <\/div>\n<\/div>\n<!-- \/module text -->        <\/div>\n                    <div  data-lazy=\"1\" class=\"module_column tb-column col4-2 tb_6tom7 last\">\n                    <!-- module image -->\n<div  class=\"module module-image tb_61cm7 image-right   tf_mw\" data-lazy=\"1\" data-lax-translate-y=\"(vh*1) 0,(vh*0) -70\" data-lax=\"true\">\n        <div class=\"image-wrap tf_rel tf_mw\">\n            <img decoding=\"async\" src=\"https:\/\/agenturaxact.cz\/wp-content\/uploads\/2023\/11\/doc_tr-300x300.png\" width=\"300\" height=\"300\" class=\"wp-post-image wp-image-790\" title=\"doc_tr\" alt=\"doc_tr\" srcset=\"https:\/\/agenturaxact.cz\/wp-content\/uploads\/2023\/11\/doc_tr-300x300.png 300w, https:\/\/agenturaxact.cz\/wp-content\/uploads\/2023\/11\/doc_tr-150x150.png 150w, https:\/\/agenturaxact.cz\/wp-content\/uploads\/2023\/11\/doc_tr.png 684w\" sizes=\"(max-width: 300px) 100vw, 300px\" \/>    \n        <\/div>\n    <!-- \/image-wrap -->\n    \n        <\/div>\n<!-- \/module image -->        <\/div>\n                        <\/div>\n        <\/div>\n                        <div  data-lazy=\"1\" class=\"module_row themify_builder_row tb_zwe6200 tf_w\">\n                        <div class=\"row_inner col_align_top tb_col_count_1 tf_box tf_rel\">\n                        <div  data-lazy=\"1\" class=\"module_column tb-column col-full tb_e5dj406 first\">\n                    <!-- module text -->\n<div  class=\"module module-text tb_25qk350\" data-lazy=\"1\">\n        <div  class=\"tb_text_wrap\">\n        <p>We implement courses and seminars tailored to the requirements and needs of the client:<\/p>\n<ul>\n<li>Courses<\/li>\n<li>Training<\/li>\n<li>Workshops<\/li>\n<\/ul>\n<p>We develop management, business, communication and presentation skills within the courses.<\/p>\n<p>In addition, we also provide specialized thematic courses.<\/p>\n<ul>\n<li>We will prepare methodological documents<\/li>\n<li>We will process the teaching materials<\/li>\n<li>We will assemble a professional teaching team<\/li>\n<\/ul>    <\/div>\n<\/div>\n<!-- \/module text -->        <\/div>\n                        <\/div>\n        <\/div>\n        <\/div>\n<!--\/themify_builder_content-->","protected":false},"excerpt":{"rendered":"<p>KURZY A SEMIN\u00c1\u0158E Kurzy a semin\u00e1\u0159e realizujeme na m\u00edru dle po\u017eadavk\u016f a pot\u0159eb klienta: Kurzy \u0160kolen\u00ed Workshopy V\u00a0r\u00e1mci kurz\u016f rozv\u00edj\u00edme mana\u017eersk\u00e9, obchodn\u00ed, komunika\u010dn\u00ed a prezenta\u010dn\u00ed dovednosti. Mimo to zaji\u0161\u0165ujeme i specializovan\u00e9 tematick\u00e9 kurzy. P\u0159iprav\u00edme metodologick\u00e9 podklady Zpracujeme v\u00fdukov\u00e9 materi\u00e1ly Sestav\u00edme profesion\u00e1ln\u00ed lektorsk\u00fd t\u00fdm<\/p>","protected":false},"author":1,"featured_media":0,"parent":0,"menu_order":0,"comment_status":"closed","ping_status":"closed","template":"","meta":{"footnotes":""},"class_list":["post-815","page","type-page","status-publish","hentry","has-post-title","has-post-date","has-post-category","has-post-tag","has-post-comment","has-post-author",""],"builder_content":"<h1>KURZY A SEMIN\u00c1\u0158E<\/h1>\n<img src=\"https:\/\/agenturaxact.cz\/wp-content\/uploads\/2023\/11\/doc_tr-300x300.png\" width=\"300\" height=\"300\" title=\"doc_tr\" alt=\"doc_tr\" srcset=\"https:\/\/agenturaxact.cz\/wp-content\/uploads\/2023\/11\/doc_tr-300x300.png 300w, https:\/\/agenturaxact.cz\/wp-content\/uploads\/2023\/11\/doc_tr-150x150.png 150w, https:\/\/agenturaxact.cz\/wp-content\/uploads\/2023\/11\/doc_tr.png 684w\" sizes=\"(max-width: 300px) 100vw, 300px\" \/>\n<p>Kurzy a semin\u00e1\u0159e realizujeme na m\u00edru dle po\u017eadavk\u016f a pot\u0159eb klienta:<\/p> <ul> <li>Kurzy<\/li> <li>\u0160kolen\u00ed<\/li> <li>Workshopy<\/li> <\/ul> <p>V\u00a0r\u00e1mci kurz\u016f rozv\u00edj\u00edme mana\u017eersk\u00e9, obchodn\u00ed, komunika\u010dn\u00ed a prezenta\u010dn\u00ed dovednosti.<\/p> <p>Mimo to zaji\u0161\u0165ujeme i specializovan\u00e9 tematick\u00e9 kurzy.<\/p> <ul> <li>P\u0159iprav\u00edme metodologick\u00e9 podklady<\/li> <li>Zpracujeme v\u00fdukov\u00e9 materi\u00e1ly<\/li> <li>Sestav\u00edme profesion\u00e1ln\u00ed lektorsk\u00fd t\u00fdm<\/li> <\/ul>","_links":{"self":[{"href":"https:\/\/agenturaxact.cz\/en\/wp-json\/wp\/v2\/pages\/815","targetHints":{"allow":["GET"]}}],"collection":[{"href":"https:\/\/agenturaxact.cz\/en\/wp-json\/wp\/v2\/pages"}],"about":[{"href":"https:\/\/agenturaxact.cz\/en\/wp-json\/wp\/v2\/types\/page"}],"author":[{"embeddable":true,"href":"https:\/\/agenturaxact.cz\/en\/wp-json\/wp\/v2\/users\/1"}],"replies":[{"embeddable":true,"href":"https:\/\/agenturaxact.cz\/en\/wp-json\/wp\/v2\/comments?post=815"}],"version-history":[{"count":0,"href":"https:\/\/agenturaxact.cz\/en\/wp-json\/wp\/v2\/pages\/815\/revisions"}],"wp:attachment":[{"href":"https:\/\/agenturaxact.cz\/en\/wp-json\/wp\/v2\/media?parent=815"}],"curies":[{"name":"wp","href":"https:\/\/api.w.org\/{rel}","templated":true}]}}