{"id":821,"date":"2023-11-23T14:14:22","date_gmt":"2023-11-23T13:14:22","guid":{"rendered":"https:\/\/agenturaxact.cz\/kurzy-a-seminare-copy\/"},"modified":"2024-02-29T19:59:24","modified_gmt":"2024-02-29T18:59:24","slug":"komunikacni-medialni-trenink","status":"publish","type":"page","link":"https:\/\/agenturaxact.cz\/en\/komunikacni-medialni-trenink\/","title":{"rendered":"COMMUNICATION AND MEDIA TRAINING"},"content":{"rendered":"<!--themify_builder_content-->\n<div id=\"themify_builder_content-821\" data-postid=\"821\" class=\"themify_builder_content themify_builder_content-821 themify_builder tf_clear\">\n                    <div  data-css_id=\"e8wq233\" data-lazy=\"1\" class=\"module_row themify_builder_row fullwidth_row_container tb_e8wq233 tb_first tf_w\">\n                        <div class=\"row_inner col_align_middle gutter-none tb_col_count_2 tf_box tf_rel\">\n                        <div  data-lazy=\"1\" class=\"module_column tb-column col4-2 tb_e2cp234 first\">\n                    <!-- module text -->\n<div  class=\"module module-text tb_jav7234\" data-lazy=\"1\">\n        <div  class=\"tb_text_wrap\">\n        <h1 class=\"image-title\">COMMUNICATION AND MEDIA TRAINING<\/h1>    <\/div>\n<\/div>\n<!-- \/module text -->        <\/div>\n                    <div  data-lazy=\"1\" class=\"module_column tb-column col4-2 tb_gtj7234 last\">\n                    <!-- module image -->\n<div  class=\"module module-image tb_a69w234 image-right   tf_mw\" data-lazy=\"1\" data-lax-translate-y=\"(vh*1) 0,(vh*0) -70\" data-lax=\"true\">\n        <div class=\"image-wrap tf_rel tf_mw\">\n            <img decoding=\"async\" src=\"https:\/\/agenturaxact.cz\/wp-content\/uploads\/2023\/11\/chat_tr-300x300.png\" width=\"300\" height=\"300\" class=\"wp-post-image wp-image-791\" title=\"chat_tr\" alt=\"chat_tr\" srcset=\"https:\/\/agenturaxact.cz\/wp-content\/uploads\/2023\/11\/chat_tr-300x300.png 300w, https:\/\/agenturaxact.cz\/wp-content\/uploads\/2023\/11\/chat_tr-150x150.png 150w, https:\/\/agenturaxact.cz\/wp-content\/uploads\/2023\/11\/chat_tr.png 642w\" sizes=\"(max-width: 300px) 100vw, 300px\" \/>    \n        <\/div>\n    <!-- \/image-wrap -->\n    \n        <\/div>\n<!-- \/module image -->        <\/div>\n                        <\/div>\n        <\/div>\n                        <div  data-lazy=\"1\" class=\"module_row themify_builder_row tb_3qi8602 tf_w\">\n                        <div class=\"row_inner col_align_top tb_col_count_1 tf_box tf_rel\">\n                        <div  data-lazy=\"1\" class=\"module_column tb-column col-full tb_wfr0068 first\">\n                    <!-- module text -->\n<div  class=\"module module-text tb_4sk0870\" data-lazy=\"1\">\n        <div  class=\"tb_text_wrap\">\n        <p>Personality growth is important to all of us and communication is an integral part of our daily lives. It can determine your success and failure in your professional and private life. We will prepare group and individual courses according to your needs.<\/p>\n<ul>\n<li>Presentation skills<\/li>\n<li>Self-presentation training<\/li>\n<li>Coaching<\/li>\n<\/ul>\n<p>In the event you are required to appear in front of the media or at a large conference and are unsure, we offer training that will ensure success.<\/p>\n<ul>\n<li>Principles of public appearances and communicating with the media<\/li>\n<li>Analysis and preparation of specific topics, \tinformation and attitudes of the client<\/li>\n<li>Conducting an interview with a journalist<\/li>\n<\/ul>    <\/div>\n<\/div>\n<!-- \/module text --><!-- module text -->\n<div  class=\"module module-text tb_op2u831\" data-lazy=\"1\">\n        <div  class=\"tb_text_wrap\">\n        <h3><strong>Mgr. Roman Brad\u00e1\u010d<\/strong><\/h3>\n<p>Professor at the Department of Media Studies, Metropolitan University Prague<\/p>\n<h4><strong>Experience:<\/strong><\/h4>\n<ul>\n<li>V\u00fdkonn\u00fd \u0159editel \u010cT24<\/li>\n<li>St\u00e1l\u00fd zpravodaj \u010cT ve Washingtonu<\/li>\n<\/ul>    <\/div>\n<\/div>\n<!-- \/module text -->        <\/div>\n                        <\/div>\n        <\/div>\n        <\/div>\n<!--\/themify_builder_content-->","protected":false},"excerpt":{"rendered":"<p>KOMUNIKA\u010cN\u00cd A MEDI\u00c1LN\u00cd TR\u00c9NINK Osobnostn\u00ed r\u016fst je pro ka\u017ed\u00e9ho z\u00a0n\u00e1s d\u016fle\u017eit\u00fd a komunikace je ned\u00edlnou sou\u010d\u00e1st\u00ed na\u0161eho ka\u017edodenn\u00edho \u017eivota. M\u016f\u017ee rozhodovat o va\u0161em \u00fasp\u011bchu a ne\u00fasp\u011bchu v\u00a0profesn\u00edm i soukrom\u00e9m \u017eivot\u011b. P\u0159iprav\u00edme skupinov\u00e9 i individu\u00e1ln\u00ed kurzy dle va\u0161ich pot\u0159eb. Prezenta\u010dn\u00ed dovednosti Tr\u00e9nink sebeprezentace Kou\u010dink V p\u0159\u00edpad\u011b, \u017ee se n\u011bkdo z v\u00e1s dostane do situace, kdy mus\u00ed [&hellip;]<\/p>\n","protected":false},"author":1,"featured_media":0,"parent":0,"menu_order":0,"comment_status":"closed","ping_status":"closed","template":"","meta":{"footnotes":""},"class_list":["post-821","page","type-page","status-publish","hentry","has-post-title","has-post-date","has-post-category","has-post-tag","has-post-comment","has-post-author",""],"builder_content":"<h1>KOMUNIKA\u010cN\u00cd A MEDI\u00c1LN\u00cd TR\u00c9NINK<\/h1>\n<img src=\"https:\/\/agenturaxact.cz\/wp-content\/uploads\/2023\/11\/chat_tr-300x300.png\" width=\"300\" height=\"300\" title=\"chat_tr\" alt=\"chat_tr\" srcset=\"https:\/\/agenturaxact.cz\/wp-content\/uploads\/2023\/11\/chat_tr-300x300.png 300w, https:\/\/agenturaxact.cz\/wp-content\/uploads\/2023\/11\/chat_tr-150x150.png 150w, https:\/\/agenturaxact.cz\/wp-content\/uploads\/2023\/11\/chat_tr.png 642w\" sizes=\"(max-width: 300px) 100vw, 300px\" \/>\n<p>Osobnostn\u00ed r\u016fst je pro ka\u017ed\u00e9ho z\u00a0n\u00e1s d\u016fle\u017eit\u00fd a komunikace je ned\u00edlnou sou\u010d\u00e1st\u00ed na\u0161eho ka\u017edodenn\u00edho \u017eivota. M\u016f\u017ee rozhodovat o va\u0161em \u00fasp\u011bchu a ne\u00fasp\u011bchu v\u00a0profesn\u00edm i soukrom\u00e9m \u017eivot\u011b. P\u0159iprav\u00edme skupinov\u00e9 i individu\u00e1ln\u00ed kurzy dle va\u0161ich pot\u0159eb.<\/p> <ul> <li>Prezenta\u010dn\u00ed dovednosti<\/li> <li>Tr\u00e9nink sebeprezentace<\/li> <li>Kou\u010dink<\/li> <\/ul> <p>V p\u0159\u00edpad\u011b, \u017ee se n\u011bkdo z v\u00e1s dostane do situace, kdy mus\u00ed vystupovat p\u0159ed m\u00e9dii nebo na velk\u00fdch konferenc\u00edch, my v\u00e1m r\u00e1di pom\u016f\u017eeme.<\/p> <ul> <li>Z\u00e1sady vystupov\u00e1n\u00ed a komunikace s m\u00e9dii<\/li> <li>Anal\u00fdza a p\u0159\u00edprava konkr\u00e9tn\u00edch t\u00e9mat, informac\u00ed a postoj\u016f klienta<\/li> <li>Veden\u00ed rozhovoru s novin\u00e1\u0159em<\/li> <\/ul>\n<h3><strong>Mgr. Roman Brad\u00e1\u010d<\/strong><\/h3> <p>Profesor na Kated\u0159e medi\u00e1ln\u00edch studi\u00ed Metropolitn\u00ed univerzity Praha<\/p> <h4><strong>Praxe:<\/strong><\/h4> <ul> <li>V\u00fdkonn\u00fd \u0159editel \u010cT24<\/li> <li>St\u00e1l\u00fd zpravodaj \u010cT ve Washingtonu<\/li> <\/ul>","_links":{"self":[{"href":"https:\/\/agenturaxact.cz\/en\/wp-json\/wp\/v2\/pages\/821","targetHints":{"allow":["GET"]}}],"collection":[{"href":"https:\/\/agenturaxact.cz\/en\/wp-json\/wp\/v2\/pages"}],"about":[{"href":"https:\/\/agenturaxact.cz\/en\/wp-json\/wp\/v2\/types\/page"}],"author":[{"embeddable":true,"href":"https:\/\/agenturaxact.cz\/en\/wp-json\/wp\/v2\/users\/1"}],"replies":[{"embeddable":true,"href":"https:\/\/agenturaxact.cz\/en\/wp-json\/wp\/v2\/comments?post=821"}],"version-history":[{"count":0,"href":"https:\/\/agenturaxact.cz\/en\/wp-json\/wp\/v2\/pages\/821\/revisions"}],"wp:attachment":[{"href":"https:\/\/agenturaxact.cz\/en\/wp-json\/wp\/v2\/media?parent=821"}],"curies":[{"name":"wp","href":"https:\/\/api.w.org\/{rel}","templated":true}]}}