{"id":826,"date":"2023-11-23T14:14:57","date_gmt":"2023-11-23T13:14:57","guid":{"rendered":"https:\/\/agenturaxact.cz\/komunikacni-a-medialni-trenink-copy\/"},"modified":"2024-02-29T19:59:48","modified_gmt":"2024-02-29T18:59:48","slug":"vyzkumy-analyzy","status":"publish","type":"page","link":"https:\/\/agenturaxact.cz\/en\/vyzkumy-analyzy\/","title":{"rendered":"RESEARCH AND ANALYSES"},"content":{"rendered":"<!--themify_builder_content-->\n<div id=\"themify_builder_content-826\" data-postid=\"826\" class=\"themify_builder_content themify_builder_content-826 themify_builder tf_clear\">\n                    <div  data-css_id=\"yoqa439\" data-lazy=\"1\" class=\"module_row themify_builder_row fullwidth_row_container tb_yoqa439 tb_first tf_w\">\n                        <div class=\"row_inner col_align_middle gutter-none tb_col_count_2 tf_box tf_rel\">\n                        <div  data-lazy=\"1\" class=\"module_column tb-column col4-2 tb_eoh0439 first\">\n                    <!-- module text -->\n<div  class=\"module module-text tb_g6sd439\" data-lazy=\"1\">\n        <div  class=\"tb_text_wrap\">\n        <h1 class=\"image-title\">RESEARCH AND ANALYSES<\/h1>    <\/div>\n<\/div>\n<!-- \/module text -->        <\/div>\n                    <div  data-lazy=\"1\" class=\"module_column tb-column col4-2 tb_e1b6439 last\">\n                    <!-- module image -->\n<div  class=\"module module-image tb_tk4p439 image-right   tf_mw\" data-lazy=\"1\" data-lax-translate-y=\"(vh*1) 0,(vh*0) -70\" data-lax=\"true\">\n        <div class=\"image-wrap tf_rel tf_mw\">\n            <img decoding=\"async\" src=\"https:\/\/agenturaxact.cz\/wp-content\/uploads\/2023\/11\/trend_tr-300x300.png\" width=\"300\" height=\"300\" class=\"wp-post-image wp-image-793\" title=\"trend_tr\" alt=\"trend_tr\" srcset=\"https:\/\/agenturaxact.cz\/wp-content\/uploads\/2023\/11\/trend_tr-300x300.png 300w, https:\/\/agenturaxact.cz\/wp-content\/uploads\/2023\/11\/trend_tr-150x150.png 150w, https:\/\/agenturaxact.cz\/wp-content\/uploads\/2023\/11\/trend_tr.png 633w\" sizes=\"(max-width: 300px) 100vw, 300px\" \/>    \n        <\/div>\n    <!-- \/image-wrap -->\n    \n        <\/div>\n<!-- \/module image -->        <\/div>\n                        <\/div>\n        <\/div>\n                        <div  data-lazy=\"1\" class=\"module_row themify_builder_row tb_az4w000 tf_w\">\n                        <div class=\"row_inner col_align_top tb_col_count_1 tf_box tf_rel\">\n                        <div  data-lazy=\"1\" class=\"module_column tb-column col-full tb_9lm8583 first\">\n                    <!-- module text -->\n<div  class=\"module module-text tb_sd5u400\" data-lazy=\"1\">\n        <div  class=\"tb_text_wrap\">\n        <div id=\"row-1475773116\" class=\"row\">\n<div id=\"col-1723271586\" class=\"col small-12 large-12\">\n<div class=\"col-inner\">\n<p>For each strategy, it is important to have an overview of the state of the market and your company. We will prepare for you research and analysis according to your needs.<\/p>\n<\/div>\n<\/div>\n<\/div>\n<section id=\"section_553066634\" class=\"section info-cards-chess-box\">\n<div class=\"section-content relative\">\n<div id=\"row-1774152213\" class=\"row row-collapse align-middle\">\n<div id=\"col-146185660\" class=\"col medium-6 small-12 large-6\">\n<div class=\"col-inner\">\n<div id=\"row-741340406\" class=\"row align-center\">\n<div id=\"col-250252790\" class=\"col medium-10 small-10 large-8\">\n<div class=\"col-inner\">\n<ul>\n<li>Testing of the other models<\/li>\n<li>How is your company doing in the market<\/li>\n<li>How is it perceived by your customers<\/li>\n<li>Expert opinion polls<\/li>\n<li>Screening of business channels<\/li>\n<\/ul>\n<\/div>\n<\/div>\n<\/div>\n<\/div>\n<\/div>\n<\/div>\n<\/div>\n<\/section>    <\/div>\n<\/div>\n<!-- \/module text -->        <\/div>\n                        <\/div>\n        <\/div>\n        <\/div>\n<!--\/themify_builder_content-->","protected":false},"excerpt":{"rendered":"<p>V\u00ddZKUMY A ANAL\u00ddZY Pro ka\u017edou strategii je d\u016fle\u017eit\u00e9 m\u00edt nejprve p\u0159ehled o stavu trhu a va\u0161\u00ed spole\u010dnosti. P\u0159iprav\u00edme pro v\u00e1s v\u00fdzkumy a anal\u00fdzy dle va\u0161ich pot\u0159eb. Testov\u00e1n\u00ed ostatn\u00edch model\u016f Jak si stoj\u00ed va\u0161e firma na trhu Jak ji vn\u00edmaj\u00ed va\u0161i z\u00e1kazn\u00edci Odborn\u00e9 pr\u016fzkumy ve\u0159ejn\u00e9ho m\u00edn\u011bn\u00ed Screeningy obchodn\u00edch kan\u00e1l\u016f<\/p>","protected":false},"author":1,"featured_media":0,"parent":0,"menu_order":0,"comment_status":"closed","ping_status":"closed","template":"","meta":{"footnotes":""},"class_list":["post-826","page","type-page","status-publish","hentry","has-post-title","has-post-date","has-post-category","has-post-tag","has-post-comment","has-post-author",""],"builder_content":"<h1>V\u00ddZKUMY A ANAL\u00ddZY<\/h1>\n<img src=\"https:\/\/agenturaxact.cz\/wp-content\/uploads\/2023\/11\/trend_tr-300x300.png\" width=\"300\" height=\"300\" title=\"trend_tr\" alt=\"trend_tr\" srcset=\"https:\/\/agenturaxact.cz\/wp-content\/uploads\/2023\/11\/trend_tr-300x300.png 300w, https:\/\/agenturaxact.cz\/wp-content\/uploads\/2023\/11\/trend_tr-150x150.png 150w, https:\/\/agenturaxact.cz\/wp-content\/uploads\/2023\/11\/trend_tr.png 633w\" sizes=\"(max-width: 300px) 100vw, 300px\" \/>\n<p>Pro ka\u017edou strategii je d\u016fle\u017eit\u00e9 m\u00edt nejprve p\u0159ehled o stavu trhu a va\u0161\u00ed spole\u010dnosti. P\u0159iprav\u00edme pro v\u00e1s v\u00fdzkumy a anal\u00fdzy dle va\u0161ich pot\u0159eb.<\/p>\n<section id=\"section_553066634\">\n<ul> <li>Testov\u00e1n\u00ed ostatn\u00edch model\u016f<\/li> <li>Jak si stoj\u00ed va\u0161e firma na trhu<\/li> <li>Jak ji vn\u00edmaj\u00ed va\u0161i z\u00e1kazn\u00edci<\/li> <li>Odborn\u00e9 pr\u016fzkumy ve\u0159ejn\u00e9ho m\u00edn\u011bn\u00ed<\/li> <li>Screeningy obchodn\u00edch kan\u00e1l\u016f<\/li> <\/ul>\n<\/section>","_links":{"self":[{"href":"https:\/\/agenturaxact.cz\/en\/wp-json\/wp\/v2\/pages\/826","targetHints":{"allow":["GET"]}}],"collection":[{"href":"https:\/\/agenturaxact.cz\/en\/wp-json\/wp\/v2\/pages"}],"about":[{"href":"https:\/\/agenturaxact.cz\/en\/wp-json\/wp\/v2\/types\/page"}],"author":[{"embeddable":true,"href":"https:\/\/agenturaxact.cz\/en\/wp-json\/wp\/v2\/users\/1"}],"replies":[{"embeddable":true,"href":"https:\/\/agenturaxact.cz\/en\/wp-json\/wp\/v2\/comments?post=826"}],"version-history":[{"count":0,"href":"https:\/\/agenturaxact.cz\/en\/wp-json\/wp\/v2\/pages\/826\/revisions"}],"wp:attachment":[{"href":"https:\/\/agenturaxact.cz\/en\/wp-json\/wp\/v2\/media?parent=826"}],"curies":[{"name":"wp","href":"https:\/\/api.w.org\/{rel}","templated":true}]}}