{"id":846,"date":"2023-11-23T14:36:05","date_gmt":"2023-11-23T13:36:05","guid":{"rendered":"https:\/\/agenturaxact.cz\/vop-copy\/"},"modified":"2024-02-18T19:26:15","modified_gmt":"2024-02-18T18:26:15","slug":"gdpr","status":"publish","type":"page","link":"https:\/\/agenturaxact.cz\/en\/gdpr\/","title":{"rendered":"GDPR"},"content":{"rendered":"<h1 class=\"wp-block-heading\">Ochrana osobn\u00edch \u00fadaj\u016f<\/h1>\n\n\n\n<p>Spole\u010dnost Agentura Xact s.r.o. pracuje s osobn\u00edmi \u00fadaji, proto vy\u017eaduje souhlas se zpracov\u00e1n\u00edm osobn\u00edch \u00fadaj\u016f dle Na\u0159\u00edzen\u00ed Evropsk\u00e9ho Parlamentu a Rady (EU) 679\/2016 o Ochran\u011b fyzick\u00fdch osob v souvislosti se zpracov\u00e1n\u00edm osobn\u00edch \u00fadaj\u016f a o voln\u00e9m pohybu t\u011bchto \u00fadaj\u016f, d\u00e1le jen \u201eGDPR\u201c dle z\u00e1kona \u010d. 101\/2000 Sb., o ochran\u011b osobn\u00edch \u00fadaj\u016f (d\u00e1le jen \u201eZOO\u00da\u201c) a o zm\u011bn\u011b n\u011bkter\u00fdch z\u00e1kon\u016f.<\/p>\n\n\n\n<p>Odesl\u00e1n\u00edm webov\u00e9ho platebn\u00edho, objedn\u00e1vkov\u00e9ho, kontaktn\u00edho a popt\u00e1vkov\u00e9ho formul\u00e1\u0159e prost\u0159ednictv\u00edm webu www.agenturaxact.cz ud\u011bluji spole\u010dnosti Agentura Xact s.r.o., se s\u00eddlem Rusk\u00e1 473\/8, 101 00 Praha 10, I\u010cO: 27084761, zapsan\u00e9 v obchodn\u00edm rejst\u0159\u00edku a veden\u00e1 u M\u011bstsk\u00e9ho soudu v Praze, C 95097, e-mailov\u00fd kontakt: info@agenturaxact.cz (d\u00e1le jen \u201eSpr\u00e1vce\u201d), souhlas se zpracov\u00e1n\u00edm m\u00fdch osobn\u00edch \u00fadaj\u016f, a to za n\u00ed\u017ee uveden\u00fdch podm\u00ednek:<\/p>\n\n\n\n<ol class=\"wp-block-list\">\n<li>Osobn\u00ed \u00fadaje, kter\u00e9 budou zpracov\u00e1ny:<br>jm\u00e9no a p\u0159\u00edjmen\u00ed, e-mailov\u00e1 adresa, telefonick\u00fd kontakt.<\/li>\n\n\n\n<li>\u00da\u010delem zpracov\u00e1n\u00ed osobn\u00edch \u00fadaj\u016f je: Evidence \u00fadaj\u016f v\u010detn\u011b \u00fadaj\u016f o platb\u00e1ch z\u00e1jemc\u016f o \u00fa\u010dast na p\u0159ipravovan\u00fdch marketingov\u00fdch akc\u00edch klient\u016f spole\u010dnosti Agentura Xact s.r.o.<\/li>\n\n\n\n<li>Doba zpracov\u00e1n\u00ed osobn\u00edch \u00fadaj\u016f je: do odvol\u00e1n\u00ed<\/li>\n<\/ol>\n\n\n\n<p>Subjekt odesl\u00e1n\u00edm formul\u00e1\u0159e prost\u0159ednictv\u00edm webu Spr\u00e1vce \u00fadaj\u016f tj. www.agenturaxact.cz prohla\u0161uje, \u017ee byl Spr\u00e1vcem \u0159\u00e1dn\u011b pou\u010den o zpracov\u00e1n\u00ed a ochran\u011b osobn\u00edch \u00fadaj\u016f, \u017ee v\u00fd\u0161e uveden\u00e9 osobn\u00ed \u00fadaje jsou p\u0159esn\u00e9 a pravdiv\u00e9. D\u00e1le Subjekt souhlas\u00ed s t\u00edm, \u017ee souhlas se zpracov\u00e1n\u00edm osobn\u00edch \u00fadaj\u016f m\u016f\u017ee kdykoli zru\u0161it formou e-mailov\u00e9ho ozn\u00e1men\u00ed na adresu info@agenturaxact.cz.<\/p>\n\n\n\n<p>Spr\u00e1vce t\u00edmto v souladu s ustanoven\u00edm \u010dl. 13 Na\u0159\u00edzen\u00ed Evropsk\u00e9ho parlamentu a Rady (EU) \u010d. 2016\/679 ze dne 27. dubna 2016, obecn\u00e9ho na\u0159\u00edzen\u00ed o ochran\u011b osobn\u00edch \u00fadaj\u016f (d\u00e1le jen \u201eNa\u0159\u00edzen\u00ed\u201d), informuje, \u017ee: osobn\u00ed \u00fadaje Subjektu \u00fadaj\u016f budou zpracov\u00e1ny na z\u00e1klad\u011b jeho svobodn\u00e9ho souhlasu, a to za v\u00fd\u0161e uveden\u00fdch podm\u00ednek. Spr\u00e1vce nem\u00e1 v \u00famyslu p\u0159edat osobn\u00ed \u00fadaje Subjektu \u00fadaj\u016f do t\u0159et\u00ed zem\u011b, mezin\u00e1rodn\u00ed organizaci nebo jin\u00fdm t\u0159et\u00edm osob\u00e1m. Subjekt \u00fadaj\u016f m\u00e1 pr\u00e1vo kdykoliv odvolat sv\u016fj souhlas se zpracov\u00e1n\u00edm osobn\u00edch \u00fadaj\u016f, pr\u00e1vo po\u017eadovat od Spr\u00e1vce p\u0159\u00edstup ke sv\u00fdm osobn\u00edm \u00fadaj\u016fm, jejich opravu nebo v\u00fdmaz, pop\u0159\u00edpad\u011b omezen\u00ed zpracov\u00e1n\u00ed, a vzn\u00e9st n\u00e1mitku proti zpracov\u00e1n\u00ed, m\u00e1 pr\u00e1vo na p\u0159enositelnost t\u011bchto \u00fadaj\u016f k jin\u00e9mu spr\u00e1vci, jako\u017e i pr\u00e1vo podat st\u00ed\u017enost u \u00da\u0159adu pro ochranu osobn\u00edch \u00fadaj\u016f, m\u00e1-li za to, \u017ee Spr\u00e1vce p\u0159i zpracov\u00e1n\u00ed osobn\u00edch \u00fadaj\u016f postupuje v rozporu s Na\u0159\u00edzen\u00edm.<\/p>\n\n\n<!-- wp:themify-builder\/canvas \/-->","protected":false},"excerpt":{"rendered":"<p>Ochrana osobn\u00edch \u00fadaj\u016f Spole\u010dnost Agentura Xact s.r.o. pracuje s osobn\u00edmi \u00fadaji, proto vy\u017eaduje souhlas se zpracov\u00e1n\u00edm osobn\u00edch \u00fadaj\u016f dle Na\u0159\u00edzen\u00ed Evropsk\u00e9ho Parlamentu a Rady (EU) 679\/2016 o Ochran\u011b fyzick\u00fdch osob v souvislosti se zpracov\u00e1n\u00edm osobn\u00edch \u00fadaj\u016f a o voln\u00e9m pohybu t\u011bchto \u00fadaj\u016f, d\u00e1le jen \u201eGDPR\u201c dle z\u00e1kona \u010d. 101\/2000 Sb., o ochran\u011b osobn\u00edch \u00fadaj\u016f (d\u00e1le [&hellip;]<\/p>\n","protected":false},"author":1,"featured_media":0,"parent":0,"menu_order":0,"comment_status":"closed","ping_status":"closed","template":"","meta":{"footnotes":""},"class_list":["post-846","page","type-page","status-publish","hentry","has-post-title","has-post-date","has-post-category","has-post-tag","has-post-comment","has-post-author",""],"builder_content":"","_links":{"self":[{"href":"https:\/\/agenturaxact.cz\/en\/wp-json\/wp\/v2\/pages\/846","targetHints":{"allow":["GET"]}}],"collection":[{"href":"https:\/\/agenturaxact.cz\/en\/wp-json\/wp\/v2\/pages"}],"about":[{"href":"https:\/\/agenturaxact.cz\/en\/wp-json\/wp\/v2\/types\/page"}],"author":[{"embeddable":true,"href":"https:\/\/agenturaxact.cz\/en\/wp-json\/wp\/v2\/users\/1"}],"replies":[{"embeddable":true,"href":"https:\/\/agenturaxact.cz\/en\/wp-json\/wp\/v2\/comments?post=846"}],"version-history":[{"count":0,"href":"https:\/\/agenturaxact.cz\/en\/wp-json\/wp\/v2\/pages\/846\/revisions"}],"wp:attachment":[{"href":"https:\/\/agenturaxact.cz\/en\/wp-json\/wp\/v2\/media?parent=846"}],"curies":[{"name":"wp","href":"https:\/\/api.w.org\/{rel}","templated":true}]}}